{"id":3493,"date":"2022-05-19T10:19:18","date_gmt":"2022-05-19T08:19:18","guid":{"rendered":"https:\/\/life-initiative.org\/?page_id=3493"},"modified":"2025-10-28T17:49:28","modified_gmt":"2025-10-28T16:49:28","slug":"birlikte-herkesin-bir-adim-daha-ilerlemesini-sagliyoruz","status":"publish","type":"page","link":"https:\/\/life-initiative.org\/tr\/","title":{"rendered":"Birlikte, herkesin bir ad\u0131m daha ilerlemesini sa\u011fl\u0131yoruz"},"content":{"rendered":"<p style=\"color: #252525;\">G\u00f6n\u00fcll\u00fc ekibimiz, <span style=\"color: #ff9400;\"><strong>b\u00fcrokratik sorunlar<\/strong><\/span> ya\u015fayan insanlara yard\u0131m ediyor. D\u00fc\u015f\u00fck gelirli ki\u015filere, \u00e7evrimi\u00e7i (online), bireysel ve <span style=\"color: #ff9900;\"><strong>\u00fccretsiz<\/strong><\/span> olarak \u015fu alanlarda dan\u0131\u015fmanl\u0131k veriyoruz:<\/p>\n<ul>\n<li>Yabanc\u0131lar dairesi veya oturum izni<\/li>\n<li>S\u0131\u011f\u0131nma prosed\u00fcr\u00fc, BAMF<\/li>\n<li>\u0130\u015fsizlik, i\u015f merkezi, sosyal yard\u0131mlar<\/li>\n<\/ul>\n<p style=\"color: #252525;\"><span style=\"color: #ff9900;\"><span style=\"color: #ff9400;\"><span style=\"color: #000000;\">Bize<\/span><\/span> <strong><span style=\"color: #ff9400;\">E-posta, WhatsApp <\/span>veya bu web sitesi<\/strong><\/span> \u00fczerinden yazabilirsiniz. En ge\u00e7 <span style=\"color: #ff9400;\"><strong>48 saat i\u00e7inde<\/strong><\/span> cevap veriyoruz.<\/p>\n<p><a class=\"button2\" href=\"https:\/\/life-initiative.org\/tr\/support\/\">Yard\u0131m iste<\/a><\/p>\n<p><strong><span style=\"color: #ff9900;\">Ad\u0131m ad\u0131m rehberlerimiz<\/span><\/strong>, s\u0131\u011f\u0131nma prosed\u00fcr\u00fc, oturum izni veya Almanya&#8217;daki b\u00fcrokrasi ile ilgili bir\u00e7ok soruyu yan\u0131tlar. Her soru, en basit \u015fekilde birka\u00e7 ad\u0131mda a\u00e7\u0131klan\u0131r.<\/p>\n<p><a class=\"button2\" href=\"https:\/\/life-initiative.org\/tr\/buerokratie-guidelines\/\">Ad\u0131m ad\u0131m rehberler<\/a><\/p>\n<p>&nbsp;<\/p>\n","protected":false},"excerpt":{"rendered":"<p>G\u00f6n\u00fcll\u00fc ekibimiz, b\u00fcrokratik sorunlar ya\u015fayan insanlara yard\u0131m ediyor. D\u00fc\u015f\u00fck gelirli ki\u015filere, \u00e7evrimi\u00e7i (online), bireysel ve \u00fccretsiz olarak \u015fu alanlarda dan\u0131\u015fmanl\u0131k veriyoruz: Yabanc\u0131lar dairesi veya oturum izni S\u0131\u011f\u0131nma prosed\u00fcr\u00fc, BAMF \u0130\u015fsizlik, i\u015f merkezi, sosyal yard\u0131mlar Bize E-posta, WhatsApp veya bu web sitesi \u00fczerinden yazabilirsiniz. En ge\u00e7 48 saat i\u00e7inde cevap veriyoruz. Yard\u0131m iste Ad\u0131m ad\u0131m rehberlerimiz, [&hellip;]<\/p>\n","protected":false},"author":1,"featured_media":6976,"parent":0,"menu_order":0,"comment_status":"closed","ping_status":"closed","template":"","meta":{"footnotes":""},"class_list":["post-3493","page","type-page","status-publish","has-post-thumbnail","hentry"],"yoast_head":"<!-- This site is optimized with the Yoast SEO plugin v27.3 - https:\/\/yoast.com\/product\/yoast-seo-wordpress\/ -->\n<title>Gemeinsam sorgen wir daf\u00fcr, dass jede:r einen Schritt weiterkommt<\/title>\n<meta name=\"description\" content=\"Das Volunteer-Team der LIFE Initiative hilft in sozialen Notlagen. Wir beraten Menschen, die Hilfe brauchen, online und individuell.\" \/>\n<meta name=\"robots\" content=\"index, follow, max-snippet:-1, max-image-preview:large, max-video-preview:-1\" \/>\n<link rel=\"canonical\" href=\"https:\/\/life-initiative.org\/tr\/\" \/>\n<meta property=\"og:locale\" content=\"tr_TR\" \/>\n<meta property=\"og:type\" content=\"article\" \/>\n<meta property=\"og:title\" content=\"Gemeinsam sorgen wir daf\u00fcr, dass jede:r einen Schritt weiterkommt\" \/>\n<meta property=\"og:description\" content=\"Das Volunteer-Team der LIFE Initiative hilft in sozialen Notlagen. Wir beraten Menschen, die Hilfe brauchen, online und individuell.\" \/>\n<meta property=\"og:url\" content=\"https:\/\/life-initiative.org\/tr\/\" \/>\n<meta property=\"og:site_name\" content=\"LIFE Initiative\" \/>\n<meta property=\"article:publisher\" content=\"https:\/\/www.facebook.com\/LIFE.Social.Coaching\" \/>\n<meta property=\"article:modified_time\" content=\"2025-10-28T16:49:28+00:00\" \/>\n<meta property=\"og:image\" content=\"https:\/\/life-initiative.org\/wp-content\/uploads\/2022\/05\/ueber_uns.png\" \/>\n\t<meta property=\"og:image:width\" content=\"661\" \/>\n\t<meta property=\"og:image:height\" content=\"455\" \/>\n\t<meta property=\"og:image:type\" content=\"image\/png\" \/>\n<meta name=\"twitter:card\" content=\"summary_large_image\" \/>\n<meta name=\"twitter:label1\" content=\"Tahmini okuma s\u00fcresi\" \/>\n\t<meta name=\"twitter:data1\" content=\"1 dakika\" \/>\n<script type=\"application\/ld+json\" class=\"yoast-schema-graph\">{\"@context\":\"https:\\\/\\\/schema.org\",\"@graph\":[{\"@type\":\"WebPage\",\"@id\":\"https:\\\/\\\/life-initiative.org\\\/tr\\\/\",\"url\":\"https:\\\/\\\/life-initiative.org\\\/tr\\\/\",\"name\":\"Gemeinsam sorgen wir daf\u00fcr, dass jede:r einen Schritt weiterkommt\",\"isPartOf\":{\"@id\":\"https:\\\/\\\/life-initiative.org\\\/tr\\\/#website\"},\"primaryImageOfPage\":{\"@id\":\"https:\\\/\\\/life-initiative.org\\\/tr\\\/#primaryimage\"},\"image\":{\"@id\":\"https:\\\/\\\/life-initiative.org\\\/tr\\\/#primaryimage\"},\"thumbnailUrl\":\"https:\\\/\\\/life-initiative.org\\\/wp-content\\\/uploads\\\/2022\\\/05\\\/ueber_uns.png\",\"datePublished\":\"2022-05-19T08:19:18+00:00\",\"dateModified\":\"2025-10-28T16:49:28+00:00\",\"description\":\"Das Volunteer-Team der LIFE Initiative hilft in sozialen Notlagen. Wir beraten Menschen, die Hilfe brauchen, online und individuell.\",\"breadcrumb\":{\"@id\":\"https:\\\/\\\/life-initiative.org\\\/tr\\\/#breadcrumb\"},\"inLanguage\":\"tr\",\"potentialAction\":[{\"@type\":\"ReadAction\",\"target\":[\"https:\\\/\\\/life-initiative.org\\\/tr\\\/\"]}]},{\"@type\":\"ImageObject\",\"inLanguage\":\"tr\",\"@id\":\"https:\\\/\\\/life-initiative.org\\\/tr\\\/#primaryimage\",\"url\":\"https:\\\/\\\/life-initiative.org\\\/wp-content\\\/uploads\\\/2022\\\/05\\\/ueber_uns.png\",\"contentUrl\":\"https:\\\/\\\/life-initiative.org\\\/wp-content\\\/uploads\\\/2022\\\/05\\\/ueber_uns.png\",\"width\":661,\"height\":455},{\"@type\":\"BreadcrumbList\",\"@id\":\"https:\\\/\\\/life-initiative.org\\\/tr\\\/#breadcrumb\",\"itemListElement\":[{\"@type\":\"ListItem\",\"position\":1,\"name\":\"Startseite\",\"item\":\"https:\\\/\\\/life-initiative.org\\\/tr\\\/\"},{\"@type\":\"ListItem\",\"position\":2,\"name\":\"Birlikte, herkesin bir ad\u0131m daha ilerlemesini sa\u011fl\u0131yoruz\"}]},{\"@type\":\"WebSite\",\"@id\":\"https:\\\/\\\/life-initiative.org\\\/tr\\\/#website\",\"url\":\"https:\\\/\\\/life-initiative.org\\\/tr\\\/\",\"name\":\"LIFE Initiative\",\"description\":\"\",\"publisher\":{\"@id\":\"https:\\\/\\\/life-initiative.org\\\/tr\\\/#organization\"},\"potentialAction\":[{\"@type\":\"SearchAction\",\"target\":{\"@type\":\"EntryPoint\",\"urlTemplate\":\"https:\\\/\\\/life-initiative.org\\\/tr\\\/?s={search_term_string}\"},\"query-input\":{\"@type\":\"PropertyValueSpecification\",\"valueRequired\":true,\"valueName\":\"search_term_string\"}}],\"inLanguage\":\"tr\"},{\"@type\":\"Organization\",\"@id\":\"https:\\\/\\\/life-initiative.org\\\/tr\\\/#organization\",\"name\":\"LIFE Initiative\",\"url\":\"https:\\\/\\\/life-initiative.org\\\/tr\\\/\",\"logo\":{\"@type\":\"ImageObject\",\"inLanguage\":\"tr\",\"@id\":\"https:\\\/\\\/life-initiative.org\\\/tr\\\/#\\\/schema\\\/logo\\\/image\\\/\",\"url\":\"https:\\\/\\\/life-initiative.org\\\/wp-content\\\/uploads\\\/2023\\\/03\\\/cropped-life_logo.png\",\"contentUrl\":\"https:\\\/\\\/life-initiative.org\\\/wp-content\\\/uploads\\\/2023\\\/03\\\/cropped-life_logo.png\",\"width\":849,\"height\":411,\"caption\":\"LIFE Initiative\"},\"image\":{\"@id\":\"https:\\\/\\\/life-initiative.org\\\/tr\\\/#\\\/schema\\\/logo\\\/image\\\/\"},\"sameAs\":[\"https:\\\/\\\/www.facebook.com\\\/LIFE.Social.Coaching\",\"https:\\\/\\\/www.linkedin.com\\\/company\\\/life-initiative\\\/\",\"https:\\\/\\\/www.instagram.com\\\/LIFE.Social.Coaching\\\/\"]}]}<\/script>\n<!-- \/ Yoast SEO plugin. -->","yoast_head_json":{"title":"Gemeinsam sorgen wir daf\u00fcr, dass jede:r einen Schritt weiterkommt","description":"Das Volunteer-Team der LIFE Initiative hilft in sozialen Notlagen. Wir beraten Menschen, die Hilfe brauchen, online und individuell.","robots":{"index":"index","follow":"follow","max-snippet":"max-snippet:-1","max-image-preview":"max-image-preview:large","max-video-preview":"max-video-preview:-1"},"canonical":"https:\/\/life-initiative.org\/tr\/","og_locale":"tr_TR","og_type":"article","og_title":"Gemeinsam sorgen wir daf\u00fcr, dass jede:r einen Schritt weiterkommt","og_description":"Das Volunteer-Team der LIFE Initiative hilft in sozialen Notlagen. Wir beraten Menschen, die Hilfe brauchen, online und individuell.","og_url":"https:\/\/life-initiative.org\/tr\/","og_site_name":"LIFE Initiative","article_publisher":"https:\/\/www.facebook.com\/LIFE.Social.Coaching","article_modified_time":"2025-10-28T16:49:28+00:00","og_image":[{"width":661,"height":455,"url":"https:\/\/life-initiative.org\/wp-content\/uploads\/2022\/05\/ueber_uns.png","type":"image\/png"}],"twitter_card":"summary_large_image","twitter_misc":{"Tahmini okuma s\u00fcresi":"1 dakika"},"schema":{"@context":"https:\/\/schema.org","@graph":[{"@type":"WebPage","@id":"https:\/\/life-initiative.org\/tr\/","url":"https:\/\/life-initiative.org\/tr\/","name":"Gemeinsam sorgen wir daf\u00fcr, dass jede:r einen Schritt weiterkommt","isPartOf":{"@id":"https:\/\/life-initiative.org\/tr\/#website"},"primaryImageOfPage":{"@id":"https:\/\/life-initiative.org\/tr\/#primaryimage"},"image":{"@id":"https:\/\/life-initiative.org\/tr\/#primaryimage"},"thumbnailUrl":"https:\/\/life-initiative.org\/wp-content\/uploads\/2022\/05\/ueber_uns.png","datePublished":"2022-05-19T08:19:18+00:00","dateModified":"2025-10-28T16:49:28+00:00","description":"Das Volunteer-Team der LIFE Initiative hilft in sozialen Notlagen. Wir beraten Menschen, die Hilfe brauchen, online und individuell.","breadcrumb":{"@id":"https:\/\/life-initiative.org\/tr\/#breadcrumb"},"inLanguage":"tr","potentialAction":[{"@type":"ReadAction","target":["https:\/\/life-initiative.org\/tr\/"]}]},{"@type":"ImageObject","inLanguage":"tr","@id":"https:\/\/life-initiative.org\/tr\/#primaryimage","url":"https:\/\/life-initiative.org\/wp-content\/uploads\/2022\/05\/ueber_uns.png","contentUrl":"https:\/\/life-initiative.org\/wp-content\/uploads\/2022\/05\/ueber_uns.png","width":661,"height":455},{"@type":"BreadcrumbList","@id":"https:\/\/life-initiative.org\/tr\/#breadcrumb","itemListElement":[{"@type":"ListItem","position":1,"name":"Startseite","item":"https:\/\/life-initiative.org\/tr\/"},{"@type":"ListItem","position":2,"name":"Birlikte, herkesin bir ad\u0131m daha ilerlemesini sa\u011fl\u0131yoruz"}]},{"@type":"WebSite","@id":"https:\/\/life-initiative.org\/tr\/#website","url":"https:\/\/life-initiative.org\/tr\/","name":"LIFE Initiative","description":"","publisher":{"@id":"https:\/\/life-initiative.org\/tr\/#organization"},"potentialAction":[{"@type":"SearchAction","target":{"@type":"EntryPoint","urlTemplate":"https:\/\/life-initiative.org\/tr\/?s={search_term_string}"},"query-input":{"@type":"PropertyValueSpecification","valueRequired":true,"valueName":"search_term_string"}}],"inLanguage":"tr"},{"@type":"Organization","@id":"https:\/\/life-initiative.org\/tr\/#organization","name":"LIFE Initiative","url":"https:\/\/life-initiative.org\/tr\/","logo":{"@type":"ImageObject","inLanguage":"tr","@id":"https:\/\/life-initiative.org\/tr\/#\/schema\/logo\/image\/","url":"https:\/\/life-initiative.org\/wp-content\/uploads\/2023\/03\/cropped-life_logo.png","contentUrl":"https:\/\/life-initiative.org\/wp-content\/uploads\/2023\/03\/cropped-life_logo.png","width":849,"height":411,"caption":"LIFE Initiative"},"image":{"@id":"https:\/\/life-initiative.org\/tr\/#\/schema\/logo\/image\/"},"sameAs":["https:\/\/www.facebook.com\/LIFE.Social.Coaching","https:\/\/www.linkedin.com\/company\/life-initiative\/","https:\/\/www.instagram.com\/LIFE.Social.Coaching\/"]}]}},"_links":{"self":[{"href":"https:\/\/life-initiative.org\/tr\/wp-json\/wp\/v2\/pages\/3493","targetHints":{"allow":["GET"]}}],"collection":[{"href":"https:\/\/life-initiative.org\/tr\/wp-json\/wp\/v2\/pages"}],"about":[{"href":"https:\/\/life-initiative.org\/tr\/wp-json\/wp\/v2\/types\/page"}],"author":[{"embeddable":true,"href":"https:\/\/life-initiative.org\/tr\/wp-json\/wp\/v2\/users\/1"}],"replies":[{"embeddable":true,"href":"https:\/\/life-initiative.org\/tr\/wp-json\/wp\/v2\/comments?post=3493"}],"version-history":[{"count":3,"href":"https:\/\/life-initiative.org\/tr\/wp-json\/wp\/v2\/pages\/3493\/revisions"}],"predecessor-version":[{"id":3554,"href":"https:\/\/life-initiative.org\/tr\/wp-json\/wp\/v2\/pages\/3493\/revisions\/3554"}],"wp:featuredmedia":[{"embeddable":true,"href":"https:\/\/life-initiative.org\/tr\/wp-json\/wp\/v2\/media\/6976"}],"wp:attachment":[{"href":"https:\/\/life-initiative.org\/tr\/wp-json\/wp\/v2\/media?parent=3493"}],"curies":[{"name":"wp","href":"https:\/\/api.w.org\/{rel}","templated":true}]}}