{"id":3288,"date":"2022-07-20T16:56:56","date_gmt":"2022-07-20T14:56:56","guid":{"rendered":"https:\/\/life-initiative.org\/?page_id=3288"},"modified":"2024-10-24T14:10:48","modified_gmt":"2024-10-24T12:10:48","slug":"kontakt","status":"publish","type":"page","link":"https:\/\/life-initiative.org\/tr\/kontakt\/","title":{"rendered":"Bizimle ileti\u015fime ge\u00e7!"},"content":{"rendered":"<p>Bizimle a\u015fa\u011f\u0131daki kanallardan ileti\u015fime ge\u00e7ebilirsin. En ge\u00e7 <span style=\"color: #ff9400;\"><strong>48 saat<\/strong><\/span> i\u00e7inde yan\u0131t veriyoruz.<\/p>\n<p><a class=\"button2\" href=\"https:\/\/wa.me\/4915735996595\">WhatsApp<\/a> <a href=\"https:\/\/wa.me\/4915735996595\">+49 1573 5996595<\/a><\/p>\n<p><a class=\"button2\" href=\"sms:\/\/+4915735996595\">SMS<\/a> <a href=\"sms:\/\/+4915735996595\">+49 1573 5996595<\/a><\/p>\n<p><a class=\"button2\" href=\"tel:+493023321300\">Sesli mesaj<\/a> <a href=\"tel:+493023321300\">+49 30 233 213 00<\/a><\/p>\n<p><a class=\"button2\" href=\"mailto:info@life-initiative.org\">E-Posta<\/a> <a href=\"mailto:info@life-initiative.org\">info@life-initiative.org<\/a><\/p>\n<p><a href=\"https:\/\/wa.me\/4915735996595\"><img loading=\"lazy\" decoding=\"async\" class=\"wp-image-654 alignnone\" src=\"https:\/\/life-initiative.org\/wp-content\/uploads\/2023\/03\/whatsapp-button-300x104.png\" alt=\"\" width=\"202\" height=\"70\" srcset=\"https:\/\/life-initiative.org\/wp-content\/uploads\/2023\/03\/whatsapp-button-300x104.png 300w, https:\/\/life-initiative.org\/wp-content\/uploads\/2023\/03\/whatsapp-button-18x6.png 18w, https:\/\/life-initiative.org\/wp-content\/uploads\/2023\/03\/whatsapp-button.png 738w\" sizes=\"auto, (max-width: 202px) 100vw, 202px\" \/><\/a><\/p>\n<p><span style=\"color: #ff9400;\"><strong>\u0130leti\u015fim formumuz \u00fczerinden<\/strong><\/span><\/p>\n\n<div class=\"wpcf7 no-js\" id=\"wpcf7-f3324-o1\" lang=\"de-DE\" dir=\"ltr\" data-wpcf7-id=\"3324\">\n<div class=\"screen-reader-response\"><p role=\"status\" aria-live=\"polite\" aria-atomic=\"true\"><\/p> <ul><\/ul><\/div>\n<form action=\"\/tr\/wp-json\/wp\/v2\/pages\/3288#wpcf7-f3324-o1\" method=\"post\" class=\"wpcf7-form init\" aria-label=\"Kontaktformular\" novalidate=\"novalidate\" data-status=\"init\">\n<fieldset class=\"hidden-fields-container\"><input type=\"hidden\" name=\"_wpcf7\" value=\"3324\" \/><input type=\"hidden\" name=\"_wpcf7_version\" value=\"6.1.5\" \/><input type=\"hidden\" name=\"_wpcf7_locale\" value=\"de_DE\" \/><input type=\"hidden\" name=\"_wpcf7_unit_tag\" value=\"wpcf7-f3324-o1\" \/><input type=\"hidden\" name=\"_wpcf7_container_post\" value=\"0\" \/><input type=\"hidden\" name=\"_wpcf7_posted_data_hash\" value=\"\" \/><input type=\"hidden\" name=\"_wpcf7_recaptcha_response\" value=\"\" \/>\n<\/fieldset>\n<p><label> \u0130sim (iste\u011fe ba\u011fl\u0131 bilgi)<br \/>\n<span class=\"wpcf7-form-control-wrap\" data-name=\"your-name\"><input size=\"40\" maxlength=\"400\" class=\"wpcf7-form-control wpcf7-text\" aria-invalid=\"false\" value=\"\" type=\"text\" name=\"your-name\" \/><\/span> <\/label>\n<\/p>\n<p><label> E-Mail adresi (iste\u011fe ba\u011fl\u0131 bilgi)<br \/>\n<span class=\"wpcf7-form-control-wrap\" data-name=\"your-email\"><input size=\"40\" maxlength=\"400\" class=\"wpcf7-form-control wpcf7-email wpcf7-text wpcf7-validates-as-email\" aria-invalid=\"false\" value=\"\" type=\"email\" name=\"your-email\" \/><\/span> <\/label>\n<\/p>\n<p><label> Cep numaras\u0131 (geri arama yapabilmemiz i\u00e7in gerekli bilgi)<br \/>\n<span class=\"wpcf7-form-control-wrap\" data-name=\"tel-605\"><input size=\"40\" maxlength=\"400\" class=\"wpcf7-form-control wpcf7-tel wpcf7-validates-as-required wpcf7-text wpcf7-validates-as-tel\" aria-required=\"true\" aria-invalid=\"false\" value=\"\" type=\"tel\" name=\"tel-605\" \/><\/span> <\/label>\n<\/p>\n<p><label> Yard\u0131m talep etti\u011fin sorunun a\u00e7\u0131klamas\u0131 (gerekli bilgi)<br \/>\n<span class=\"wpcf7-form-control-wrap\" data-name=\"your-message\"><textarea cols=\"40\" rows=\"10\" maxlength=\"2000\" class=\"wpcf7-form-control wpcf7-textarea wpcf7-validates-as-required\" aria-required=\"true\" aria-invalid=\"false\" name=\"your-message\"><\/textarea><\/span> <\/label>\n<\/p>\n<p><label>Hangi dilde sana hitap etmemizi istersin?<br \/>\n<span class=\"wpcf7-form-control-wrap\" data-name=\"radio-327\"><span class=\"wpcf7-form-control wpcf7-radio\"><span class=\"wpcf7-list-item first\"><label><input type=\"radio\" name=\"radio-327\" value=\"Almanca\" checked=\"checked\" \/><span class=\"wpcf7-list-item-label\">Almanca<\/span><\/label><\/span><span class=\"wpcf7-list-item\"><label><input type=\"radio\" name=\"radio-327\" value=\"\u0130ngilizce\" \/><span class=\"wpcf7-list-item-label\">\u0130ngilizce<\/span><\/label><\/span><span class=\"wpcf7-list-item last\"><label><input type=\"radio\" name=\"radio-327\" value=\"Ba\u015fka bir dil\" \/><span class=\"wpcf7-list-item-label\">Ba\u015fka bir dil<\/span><\/label><\/span><\/span><\/span> <span class=\"wpcf7-form-control-wrap\" data-name=\"your-language\"><input size=\"40\" maxlength=\"400\" class=\"wpcf7-form-control wpcf7-text\" aria-invalid=\"false\" value=\"\" type=\"text\" name=\"your-language\" \/><\/span> <\/label>\n<\/p>\n\n<p><input class=\"wpcf7-form-control wpcf7-submit has-spinner\" type=\"submit\" value=\"G\u00f6nder\" \/>\n<\/p><div class=\"wpcf7-response-output\" aria-hidden=\"true\"><\/div>\n<\/form>\n<\/div>\n\n<hr \/>\n<p><a class=\"button2\" href=\"mailto:office@life-initiative.org\">Ba\u011f\u0131\u015flar veya \u00fcyelikle ilgili sorular<\/a><\/p>\n<p>E-posta ile: office@life-initiative.org<\/p>\n<p><a class=\"button2\" href=\"mailto:jobs@life-initiative.org\">G\u00f6n\u00fcll\u00fcl\u00fckle ilgili sorular<\/a><\/p>\n<p>E-posta ile: jobs@life-initiative.org<\/p>\n<h4><span style=\"color: #000000;\">Veri Koruma Bilgileri<\/span><\/h4>\n<p>LIFE-Initiative e.V., Oranienstra\u00dfe 203, 10999 Berlin ile ileti\u015fime ge\u00e7ti\u011finde, bize g\u00f6nderdi\u011fin ki\u015fisel verileri talebini i\u015flemek i\u00e7in veri koruma politikam\u0131z do\u011frultusunda i\u015fliyoruz. Daha fazla bilgi i\u00e7in gizlilik politikam\u0131za bakabilirsin: <a href=\"https:\/\/www.life-initiative.org\/datenschutz\">https:\/\/www.life-initiative.org\/datenschutz<\/a>.<\/p>\n<form class=\"layout_form cr_form cr_font\" action=\"https:\/\/seu2.cleverreach.com\/f\/355812-360214\/wcs\/\" method=\"post\" target=\"_blank\">\n<div class=\"cr_body cr_page cr_font formbox\">\n<p><noscript><a href=\"http:\/\/www.cleverreach.de\">www.CleverReach.de<\/a><\/noscript><\/p>\n<\/div>\n<\/form>\n","protected":false},"excerpt":{"rendered":"<p>Bizimle a\u015fa\u011f\u0131daki kanallardan ileti\u015fime ge\u00e7ebilirsin. En ge\u00e7 48 saat i\u00e7inde yan\u0131t veriyoruz. WhatsApp +49 1573 5996595 SMS +49 1573 5996595 Sesli mesaj +49 30 233 213 00 E-Posta info@life-initiative.org \u0130leti\u015fim formumuz \u00fczerinden Ba\u011f\u0131\u015flar veya \u00fcyelikle ilgili sorular E-posta ile: office@life-initiative.org G\u00f6n\u00fcll\u00fcl\u00fckle ilgili sorular E-posta ile: jobs@life-initiative.org Veri Koruma Bilgileri LIFE-Initiative e.V., Oranienstra\u00dfe 203, 10999 Berlin [&hellip;]<\/p>\n","protected":false},"author":1,"featured_media":0,"parent":0,"menu_order":0,"comment_status":"closed","ping_status":"closed","template":"","meta":{"footnotes":""},"class_list":["post-3288","page","type-page","status-publish","hentry"],"yoast_head":"<!-- This site is optimized with the Yoast SEO plugin v27.3 - https:\/\/yoast.com\/product\/yoast-seo-wordpress\/ -->\n<title>Bizimle ileti\u015fime ge\u00e7! - LIFE Initiative<\/title>\n<meta name=\"robots\" content=\"index, follow, max-snippet:-1, max-image-preview:large, max-video-preview:-1\" \/>\n<link rel=\"canonical\" href=\"https:\/\/life-initiative.org\/tr\/kontakt\/\" \/>\n<meta property=\"og:locale\" content=\"tr_TR\" \/>\n<meta property=\"og:type\" content=\"article\" \/>\n<meta property=\"og:title\" content=\"Bizimle ileti\u015fime ge\u00e7! - LIFE Initiative\" \/>\n<meta property=\"og:description\" content=\"Bizimle a\u015fa\u011f\u0131daki kanallardan ileti\u015fime ge\u00e7ebilirsin. En ge\u00e7 48 saat i\u00e7inde yan\u0131t veriyoruz. WhatsApp +49 1573 5996595 SMS +49 1573 5996595 Sesli mesaj +49 30 233 213 00 E-Posta info@life-initiative.org \u0130leti\u015fim formumuz \u00fczerinden Ba\u011f\u0131\u015flar veya \u00fcyelikle ilgili sorular E-posta ile: office@life-initiative.org G\u00f6n\u00fcll\u00fcl\u00fckle ilgili sorular E-posta ile: jobs@life-initiative.org Veri Koruma Bilgileri LIFE-Initiative e.V., Oranienstra\u00dfe 203, 10999 Berlin [&hellip;]\" \/>\n<meta property=\"og:url\" content=\"https:\/\/life-initiative.org\/tr\/kontakt\/\" \/>\n<meta property=\"og:site_name\" content=\"LIFE Initiative\" \/>\n<meta property=\"article:publisher\" content=\"https:\/\/www.facebook.com\/LIFE.Social.Coaching\" \/>\n<meta property=\"article:modified_time\" content=\"2024-10-24T12:10:48+00:00\" \/>\n<meta property=\"og:image\" content=\"https:\/\/life-initiative.org\/wp-content\/uploads\/2023\/03\/whatsapp-button-300x104.png\" \/>\n<meta name=\"twitter:card\" content=\"summary_large_image\" \/>\n<meta name=\"twitter:label1\" content=\"Tahmini okuma s\u00fcresi\" \/>\n\t<meta name=\"twitter:data1\" content=\"1 dakika\" \/>\n<script type=\"application\/ld+json\" class=\"yoast-schema-graph\">{\"@context\":\"https:\\\/\\\/schema.org\",\"@graph\":[{\"@type\":\"WebPage\",\"@id\":\"https:\\\/\\\/life-initiative.org\\\/tr\\\/kontakt\\\/\",\"url\":\"https:\\\/\\\/life-initiative.org\\\/tr\\\/kontakt\\\/\",\"name\":\"Bizimle ileti\u015fime ge\u00e7! - LIFE Initiative\",\"isPartOf\":{\"@id\":\"https:\\\/\\\/life-initiative.org\\\/tr\\\/#website\"},\"primaryImageOfPage\":{\"@id\":\"https:\\\/\\\/life-initiative.org\\\/tr\\\/kontakt\\\/#primaryimage\"},\"image\":{\"@id\":\"https:\\\/\\\/life-initiative.org\\\/tr\\\/kontakt\\\/#primaryimage\"},\"thumbnailUrl\":\"https:\\\/\\\/life-initiative.org\\\/wp-content\\\/uploads\\\/2023\\\/03\\\/whatsapp-button-300x104.png\",\"datePublished\":\"2022-07-20T14:56:56+00:00\",\"dateModified\":\"2024-10-24T12:10:48+00:00\",\"breadcrumb\":{\"@id\":\"https:\\\/\\\/life-initiative.org\\\/tr\\\/kontakt\\\/#breadcrumb\"},\"inLanguage\":\"tr\",\"potentialAction\":[{\"@type\":\"ReadAction\",\"target\":[\"https:\\\/\\\/life-initiative.org\\\/tr\\\/kontakt\\\/\"]}]},{\"@type\":\"ImageObject\",\"inLanguage\":\"tr\",\"@id\":\"https:\\\/\\\/life-initiative.org\\\/tr\\\/kontakt\\\/#primaryimage\",\"url\":\"https:\\\/\\\/life-initiative.org\\\/wp-content\\\/uploads\\\/2023\\\/03\\\/whatsapp-button-300x104.png\",\"contentUrl\":\"https:\\\/\\\/life-initiative.org\\\/wp-content\\\/uploads\\\/2023\\\/03\\\/whatsapp-button-300x104.png\"},{\"@type\":\"BreadcrumbList\",\"@id\":\"https:\\\/\\\/life-initiative.org\\\/tr\\\/kontakt\\\/#breadcrumb\",\"itemListElement\":[{\"@type\":\"ListItem\",\"position\":1,\"name\":\"Startseite\",\"item\":\"https:\\\/\\\/life-initiative.org\\\/tr\\\/\"},{\"@type\":\"ListItem\",\"position\":2,\"name\":\"Bizimle ileti\u015fime ge\u00e7!\"}]},{\"@type\":\"WebSite\",\"@id\":\"https:\\\/\\\/life-initiative.org\\\/tr\\\/#website\",\"url\":\"https:\\\/\\\/life-initiative.org\\\/tr\\\/\",\"name\":\"LIFE Initiative\",\"description\":\"\",\"publisher\":{\"@id\":\"https:\\\/\\\/life-initiative.org\\\/tr\\\/#organization\"},\"potentialAction\":[{\"@type\":\"SearchAction\",\"target\":{\"@type\":\"EntryPoint\",\"urlTemplate\":\"https:\\\/\\\/life-initiative.org\\\/tr\\\/?s={search_term_string}\"},\"query-input\":{\"@type\":\"PropertyValueSpecification\",\"valueRequired\":true,\"valueName\":\"search_term_string\"}}],\"inLanguage\":\"tr\"},{\"@type\":\"Organization\",\"@id\":\"https:\\\/\\\/life-initiative.org\\\/tr\\\/#organization\",\"name\":\"LIFE Initiative\",\"url\":\"https:\\\/\\\/life-initiative.org\\\/tr\\\/\",\"logo\":{\"@type\":\"ImageObject\",\"inLanguage\":\"tr\",\"@id\":\"https:\\\/\\\/life-initiative.org\\\/tr\\\/#\\\/schema\\\/logo\\\/image\\\/\",\"url\":\"https:\\\/\\\/life-initiative.org\\\/wp-content\\\/uploads\\\/2023\\\/03\\\/cropped-life_logo.png\",\"contentUrl\":\"https:\\\/\\\/life-initiative.org\\\/wp-content\\\/uploads\\\/2023\\\/03\\\/cropped-life_logo.png\",\"width\":849,\"height\":411,\"caption\":\"LIFE Initiative\"},\"image\":{\"@id\":\"https:\\\/\\\/life-initiative.org\\\/tr\\\/#\\\/schema\\\/logo\\\/image\\\/\"},\"sameAs\":[\"https:\\\/\\\/www.facebook.com\\\/LIFE.Social.Coaching\",\"https:\\\/\\\/www.linkedin.com\\\/company\\\/life-initiative\\\/\",\"https:\\\/\\\/www.instagram.com\\\/LIFE.Social.Coaching\\\/\"]}]}<\/script>\n<!-- \/ Yoast SEO plugin. -->","yoast_head_json":{"title":"Bizimle ileti\u015fime ge\u00e7! - LIFE Initiative","robots":{"index":"index","follow":"follow","max-snippet":"max-snippet:-1","max-image-preview":"max-image-preview:large","max-video-preview":"max-video-preview:-1"},"canonical":"https:\/\/life-initiative.org\/tr\/kontakt\/","og_locale":"tr_TR","og_type":"article","og_title":"Bizimle ileti\u015fime ge\u00e7! - LIFE Initiative","og_description":"Bizimle a\u015fa\u011f\u0131daki kanallardan ileti\u015fime ge\u00e7ebilirsin. En ge\u00e7 48 saat i\u00e7inde yan\u0131t veriyoruz. WhatsApp +49 1573 5996595 SMS +49 1573 5996595 Sesli mesaj +49 30 233 213 00 E-Posta info@life-initiative.org \u0130leti\u015fim formumuz \u00fczerinden Ba\u011f\u0131\u015flar veya \u00fcyelikle ilgili sorular E-posta ile: office@life-initiative.org G\u00f6n\u00fcll\u00fcl\u00fckle ilgili sorular E-posta ile: jobs@life-initiative.org Veri Koruma Bilgileri LIFE-Initiative e.V., Oranienstra\u00dfe 203, 10999 Berlin [&hellip;]","og_url":"https:\/\/life-initiative.org\/tr\/kontakt\/","og_site_name":"LIFE Initiative","article_publisher":"https:\/\/www.facebook.com\/LIFE.Social.Coaching","article_modified_time":"2024-10-24T12:10:48+00:00","og_image":[{"url":"https:\/\/life-initiative.org\/wp-content\/uploads\/2023\/03\/whatsapp-button-300x104.png","type":"","width":"","height":""}],"twitter_card":"summary_large_image","twitter_misc":{"Tahmini okuma s\u00fcresi":"1 dakika"},"schema":{"@context":"https:\/\/schema.org","@graph":[{"@type":"WebPage","@id":"https:\/\/life-initiative.org\/tr\/kontakt\/","url":"https:\/\/life-initiative.org\/tr\/kontakt\/","name":"Bizimle ileti\u015fime ge\u00e7! - LIFE Initiative","isPartOf":{"@id":"https:\/\/life-initiative.org\/tr\/#website"},"primaryImageOfPage":{"@id":"https:\/\/life-initiative.org\/tr\/kontakt\/#primaryimage"},"image":{"@id":"https:\/\/life-initiative.org\/tr\/kontakt\/#primaryimage"},"thumbnailUrl":"https:\/\/life-initiative.org\/wp-content\/uploads\/2023\/03\/whatsapp-button-300x104.png","datePublished":"2022-07-20T14:56:56+00:00","dateModified":"2024-10-24T12:10:48+00:00","breadcrumb":{"@id":"https:\/\/life-initiative.org\/tr\/kontakt\/#breadcrumb"},"inLanguage":"tr","potentialAction":[{"@type":"ReadAction","target":["https:\/\/life-initiative.org\/tr\/kontakt\/"]}]},{"@type":"ImageObject","inLanguage":"tr","@id":"https:\/\/life-initiative.org\/tr\/kontakt\/#primaryimage","url":"https:\/\/life-initiative.org\/wp-content\/uploads\/2023\/03\/whatsapp-button-300x104.png","contentUrl":"https:\/\/life-initiative.org\/wp-content\/uploads\/2023\/03\/whatsapp-button-300x104.png"},{"@type":"BreadcrumbList","@id":"https:\/\/life-initiative.org\/tr\/kontakt\/#breadcrumb","itemListElement":[{"@type":"ListItem","position":1,"name":"Startseite","item":"https:\/\/life-initiative.org\/tr\/"},{"@type":"ListItem","position":2,"name":"Bizimle ileti\u015fime ge\u00e7!"}]},{"@type":"WebSite","@id":"https:\/\/life-initiative.org\/tr\/#website","url":"https:\/\/life-initiative.org\/tr\/","name":"LIFE Initiative","description":"","publisher":{"@id":"https:\/\/life-initiative.org\/tr\/#organization"},"potentialAction":[{"@type":"SearchAction","target":{"@type":"EntryPoint","urlTemplate":"https:\/\/life-initiative.org\/tr\/?s={search_term_string}"},"query-input":{"@type":"PropertyValueSpecification","valueRequired":true,"valueName":"search_term_string"}}],"inLanguage":"tr"},{"@type":"Organization","@id":"https:\/\/life-initiative.org\/tr\/#organization","name":"LIFE Initiative","url":"https:\/\/life-initiative.org\/tr\/","logo":{"@type":"ImageObject","inLanguage":"tr","@id":"https:\/\/life-initiative.org\/tr\/#\/schema\/logo\/image\/","url":"https:\/\/life-initiative.org\/wp-content\/uploads\/2023\/03\/cropped-life_logo.png","contentUrl":"https:\/\/life-initiative.org\/wp-content\/uploads\/2023\/03\/cropped-life_logo.png","width":849,"height":411,"caption":"LIFE Initiative"},"image":{"@id":"https:\/\/life-initiative.org\/tr\/#\/schema\/logo\/image\/"},"sameAs":["https:\/\/www.facebook.com\/LIFE.Social.Coaching","https:\/\/www.linkedin.com\/company\/life-initiative\/","https:\/\/www.instagram.com\/LIFE.Social.Coaching\/"]}]}},"_links":{"self":[{"href":"https:\/\/life-initiative.org\/tr\/wp-json\/wp\/v2\/pages\/3288","targetHints":{"allow":["GET"]}}],"collection":[{"href":"https:\/\/life-initiative.org\/tr\/wp-json\/wp\/v2\/pages"}],"about":[{"href":"https:\/\/life-initiative.org\/tr\/wp-json\/wp\/v2\/types\/page"}],"author":[{"embeddable":true,"href":"https:\/\/life-initiative.org\/tr\/wp-json\/wp\/v2\/users\/1"}],"replies":[{"embeddable":true,"href":"https:\/\/life-initiative.org\/tr\/wp-json\/wp\/v2\/comments?post=3288"}],"version-history":[{"count":5,"href":"https:\/\/life-initiative.org\/tr\/wp-json\/wp\/v2\/pages\/3288\/revisions"}],"predecessor-version":[{"id":3443,"href":"https:\/\/life-initiative.org\/tr\/wp-json\/wp\/v2\/pages\/3288\/revisions\/3443"}],"wp:attachment":[{"href":"https:\/\/life-initiative.org\/tr\/wp-json\/wp\/v2\/media?parent=3288"}],"curies":[{"name":"wp","href":"https:\/\/api.w.org\/{rel}","templated":true}]}}