{"id":3181,"date":"2024-08-05T14:25:02","date_gmt":"2024-08-05T12:25:02","guid":{"rendered":"https:\/\/life-initiative.org\/?page_id=3181"},"modified":"2024-10-24T14:30:41","modified_gmt":"2024-10-24T12:30:41","slug":"buerokratie-guidelines","status":"publish","type":"page","link":"https:\/\/life-initiative.org\/tr\/buerokratie-guidelines\/","title":{"rendered":"Ad\u0131m ad\u0131m rehberler"},"content":{"rendered":"<p><img loading=\"lazy\" decoding=\"async\" class=\"alignnone wp-image-2239 size-medium\" src=\"https:\/\/life-initiative.org\/wp-content\/uploads\/2024\/08\/steps-2-300x300.png\" alt=\"\" width=\"300\" height=\"300\" srcset=\"https:\/\/life-initiative.org\/wp-content\/uploads\/2024\/08\/steps-2-300x300.png 300w, https:\/\/life-initiative.org\/wp-content\/uploads\/2024\/08\/steps-2-150x150.png 150w, https:\/\/life-initiative.org\/wp-content\/uploads\/2024\/08\/steps-2.png 512w\" sizes=\"auto, (max-width: 300px) 100vw, 300px\" \/><\/p>\n<p>Burada, <span style=\"color: #ff9900;\"><strong>LIFE Initiative<\/strong><\/span>\u2019nin t\u00fcm <span style=\"color: #ff9900;\"><strong>ad\u0131m ad\u0131m rehberleri<\/strong><\/span>\u00a0bulabilirsin. Bu bilgiler, Almanya&#8217;daki g\u00f6\u00e7menler ve m\u00fclteci bireyler i\u00e7in haz\u0131rlanm\u0131\u015ft\u0131r. Her soruya basit ad\u0131mlarla cevap verilmektedir. Ne yapabilece\u011fin hakk\u0131nda bilgiler, ipu\u00e7lar\u0131 ve di\u011fer internet sitelerine ba\u011flant\u0131lar bulabilirsin.<\/p>\n<ul>\n<li><span style=\"color: #ff9900;\"><strong>S\u0131\u011f\u0131nma S\u00fcreci<\/strong><\/span>\n<ul>\n<li><a href=\"https:\/\/life-initiative.org\/tr\/asylanhoerung\/\">S\u0131\u011f\u0131nma ba\u015fvurusu g\u00f6r\u00fc\u015fmeme nas\u0131l haz\u0131rlanabilirim?<\/a><\/li>\n<li><a href=\"https:\/\/life-initiative.org\/tr\/asylverfahrensstand\/\">S\u0131\u011f\u0131nma s\u00fcrecimin durumunu nas\u0131l \u00f6\u011frenirim?<\/a><\/li>\n<li><a href=\"https:\/\/life-initiative.org\/tr\/asylentscheidung\/\">S\u0131\u011f\u0131nma karar\u0131n\u0131 ald\u0131\u011f\u0131mda ne yapabilirim?<\/a><\/li>\n<\/ul>\n<\/li>\n<\/ul>\n<ul>\n<li><span style=\"color: #ff9900;\"><strong>Oturum ve Yabanc\u0131lar Dairesi<\/strong><\/span>\n<ul>\n<li><a href=\"https:\/\/life-initiative.org\/tr\/chancen-langfristiger-aufenthalt\/\">Uzun vadeli bir Aufenthaltstitel (oturum izni) nas\u0131l al\u0131r\u0131m?<\/a><\/li>\n<li><a href=\"https:\/\/life-initiative.org\/tr\/ablaufaufenthaltstitel\/\">Aufenthaltstitel&#8217;im (oturum iznim) bitti\u011finde ne yapabilirim?<\/a><\/li>\n<li><a href=\"https:\/\/life-initiative.org\/tr\/auslaenderbehoerde\/\">Yabanc\u0131lar Dairesi cevap vermezse ne yapabilirim?<\/a><\/li>\n<li><a href=\"https:\/\/life-initiative.org\/tr\/familiennachzug\/\">Ailemizi Almanya&#8217;ya getirebilir miyim?<\/a><\/li>\n<\/ul>\n<\/li>\n<li><span style=\"color: #ff9900;\"><strong>\u00c7al\u0131\u015fmak ve Almanca \u00d6\u011frenmek<\/strong><\/span>\n<ul>\n<li><a class=\"row-title\" href=\"https:\/\/life-initiative.org\/tr\/arbeitserlaubnis-asylverfahren\/\" aria-label=\"\u201cArbeitserlaubnis (\u00e7al\u0131\u015fma izni) nas\u0131l al\u0131r\u0131m? (S\u0131\u011f\u0131nma s\u00fcreci\/Duldung) (TR)\u201d (Edit)\">Arbeitserlaubnis (\u00e7al\u0131\u015fma izni) nas\u0131l al\u0131r\u0131m?<\/a> (S\u0131\u011f\u0131nma s\u00fcreci \/ Duldung)<\/li>\n<li><a class=\"row-title\" href=\"https:\/\/life-initiative.org\/tr\/arbeit-verloren\/\" aria-label=\"\u201c\u0130\u015fimi kaybedersem ne yapabilirim? (TR)\u201d (Edit)\">\u0130\u015fimi kaybedersem ne yapabilirim?<\/a><\/li>\n<li><a href=\"https:\/\/life-initiative.org\/tr\/integrationskurs\/\">Bir entegrasyon kursu (Integrationskurs) nas\u0131l bulurum?<\/a><\/li>\n<\/ul>\n<\/li>\n<li><span style=\"color: #ff9900;\"><strong>Yerle\u015fme \u0130zni ve Vatanda\u015fl\u0131k<\/strong><\/span>\n<ul>\n<li><a href=\"https:\/\/life-initiative.org\/tr\/niederlassungserlaubnis\/\">Niederlassungserlaubnis (yerle\u015fme izni) nas\u0131l al\u0131n\u0131r?<\/a><\/li>\n<li><a class=\"row-title\" href=\"https:\/\/life-initiative.org\/tr\/einbuergerung\/\" aria-label=\"\u201cAlman vatanda\u015fl\u0131\u011f\u0131n\u0131 (Einb\u00fcrgerung) nas\u0131l alabilirim? (TR)\u201d (Edit)\">Alman vatanda\u015fl\u0131\u011f\u0131n\u0131 (Einb\u00fcrgerung) nas\u0131l alabilirim?<\/a><\/li>\n<\/ul>\n<\/li>\n<li><span style=\"color: #ff9900;\"><strong>Dan\u0131\u015fmanl\u0131k ve Avukatl\u0131k B\u00fcrolar\u0131<\/strong><\/span>\n<ul>\n<li><a href=\"https:\/\/life-initiative.org\/tr\/beratungsstelle\/\">G\u00f6\u00e7menler i\u00e7in bir dan\u0131\u015fma merkezini nas\u0131l bulabilirim?<\/a><\/li>\n<li><a href=\"https:\/\/life-initiative.org\/tr\/anwaltssuche\/\">S\u0131\u011f\u0131nma\/Oturum i\u00e7in nas\u0131l avukat bulabilirim?<\/a><\/li>\n<\/ul>\n<\/li>\n<\/ul>\n<p>LIFE Initiative\u2019nin ad\u0131m ad\u0131m bilgileri, <span style=\"font-weight: 400;\">Postcode Lotterie ve avukat<\/span> <a href=\"https:\/\/www.nora-ebeling.de\/\"><span style=\"font-weight: 400;\">Nora Ebeling&#8217;in<\/span><\/a><span style=\"font-weight: 400;\"> deste\u011fiyle haz\u0131rlanm\u0131\u015ft\u0131r. <\/span>Di\u011fer sorular i\u00e7in <a href=\"https:\/\/handbookgermany.de\/tr\">Handbook Germany<\/a>&#8216;yi inceleyebilir veya <a href=\"https:\/\/life-initiative.org\/tr\/kontakt\/\">bizimle ileti\u015fime<\/a> ge\u00e7ebilirsin.<\/p>\n","protected":false},"excerpt":{"rendered":"<p>Burada, LIFE Initiative\u2019nin t\u00fcm ad\u0131m ad\u0131m rehberleri\u00a0bulabilirsin. Bu bilgiler, Almanya&#8217;daki g\u00f6\u00e7menler ve m\u00fclteci bireyler i\u00e7in haz\u0131rlanm\u0131\u015ft\u0131r. Her soruya basit ad\u0131mlarla cevap verilmektedir. Ne yapabilece\u011fin hakk\u0131nda bilgiler, ipu\u00e7lar\u0131 ve di\u011fer internet sitelerine ba\u011flant\u0131lar bulabilirsin. S\u0131\u011f\u0131nma S\u00fcreci S\u0131\u011f\u0131nma ba\u015fvurusu g\u00f6r\u00fc\u015fmeme nas\u0131l haz\u0131rlanabilirim? S\u0131\u011f\u0131nma s\u00fcrecimin durumunu nas\u0131l \u00f6\u011frenirim? S\u0131\u011f\u0131nma karar\u0131n\u0131 ald\u0131\u011f\u0131mda ne yapabilirim? Oturum ve Yabanc\u0131lar Dairesi Uzun [&hellip;]<\/p>\n","protected":false},"author":1,"featured_media":0,"parent":0,"menu_order":0,"comment_status":"closed","ping_status":"closed","template":"","meta":{"footnotes":""},"class_list":["post-3181","page","type-page","status-publish","hentry"],"yoast_head":"<!-- This site is optimized with the Yoast SEO plugin v27.3 - https:\/\/yoast.com\/product\/yoast-seo-wordpress\/ -->\n<title>Ad\u0131m ad\u0131m rehberler - LIFE Initiative<\/title>\n<meta name=\"robots\" content=\"index, follow, max-snippet:-1, max-image-preview:large, max-video-preview:-1\" \/>\n<link rel=\"canonical\" href=\"https:\/\/life-initiative.org\/tr\/buerokratie-guidelines\/\" \/>\n<meta property=\"og:locale\" content=\"tr_TR\" \/>\n<meta property=\"og:type\" content=\"article\" \/>\n<meta property=\"og:title\" content=\"Ad\u0131m ad\u0131m rehberler - LIFE Initiative\" \/>\n<meta property=\"og:description\" content=\"Burada, LIFE Initiative\u2019nin t\u00fcm ad\u0131m ad\u0131m rehberleri\u00a0bulabilirsin. Bu bilgiler, Almanya&#8217;daki g\u00f6\u00e7menler ve m\u00fclteci bireyler i\u00e7in haz\u0131rlanm\u0131\u015ft\u0131r. Her soruya basit ad\u0131mlarla cevap verilmektedir. Ne yapabilece\u011fin hakk\u0131nda bilgiler, ipu\u00e7lar\u0131 ve di\u011fer internet sitelerine ba\u011flant\u0131lar bulabilirsin. S\u0131\u011f\u0131nma S\u00fcreci S\u0131\u011f\u0131nma ba\u015fvurusu g\u00f6r\u00fc\u015fmeme nas\u0131l haz\u0131rlanabilirim? S\u0131\u011f\u0131nma s\u00fcrecimin durumunu nas\u0131l \u00f6\u011frenirim? S\u0131\u011f\u0131nma karar\u0131n\u0131 ald\u0131\u011f\u0131mda ne yapabilirim? Oturum ve Yabanc\u0131lar Dairesi Uzun [&hellip;]\" \/>\n<meta property=\"og:url\" content=\"https:\/\/life-initiative.org\/tr\/buerokratie-guidelines\/\" \/>\n<meta property=\"og:site_name\" content=\"LIFE Initiative\" \/>\n<meta property=\"article:publisher\" content=\"https:\/\/www.facebook.com\/LIFE.Social.Coaching\" \/>\n<meta property=\"article:modified_time\" content=\"2024-10-24T12:30:41+00:00\" \/>\n<meta property=\"og:image\" content=\"https:\/\/life-initiative.org\/wp-content\/uploads\/2024\/08\/steps-2-300x300.png\" \/>\n<meta name=\"twitter:card\" content=\"summary_large_image\" \/>\n<meta name=\"twitter:label1\" content=\"Tahmini okuma s\u00fcresi\" \/>\n\t<meta name=\"twitter:data1\" content=\"1 dakika\" \/>\n<script type=\"application\/ld+json\" class=\"yoast-schema-graph\">{\"@context\":\"https:\\\/\\\/schema.org\",\"@graph\":[{\"@type\":\"WebPage\",\"@id\":\"https:\\\/\\\/life-initiative.org\\\/tr\\\/buerokratie-guidelines\\\/\",\"url\":\"https:\\\/\\\/life-initiative.org\\\/tr\\\/buerokratie-guidelines\\\/\",\"name\":\"Ad\u0131m ad\u0131m rehberler - LIFE Initiative\",\"isPartOf\":{\"@id\":\"https:\\\/\\\/life-initiative.org\\\/tr\\\/#website\"},\"primaryImageOfPage\":{\"@id\":\"https:\\\/\\\/life-initiative.org\\\/tr\\\/buerokratie-guidelines\\\/#primaryimage\"},\"image\":{\"@id\":\"https:\\\/\\\/life-initiative.org\\\/tr\\\/buerokratie-guidelines\\\/#primaryimage\"},\"thumbnailUrl\":\"https:\\\/\\\/life-initiative.org\\\/wp-content\\\/uploads\\\/2024\\\/08\\\/steps-2-300x300.png\",\"datePublished\":\"2024-08-05T12:25:02+00:00\",\"dateModified\":\"2024-10-24T12:30:41+00:00\",\"breadcrumb\":{\"@id\":\"https:\\\/\\\/life-initiative.org\\\/tr\\\/buerokratie-guidelines\\\/#breadcrumb\"},\"inLanguage\":\"tr\",\"potentialAction\":[{\"@type\":\"ReadAction\",\"target\":[\"https:\\\/\\\/life-initiative.org\\\/tr\\\/buerokratie-guidelines\\\/\"]}]},{\"@type\":\"ImageObject\",\"inLanguage\":\"tr\",\"@id\":\"https:\\\/\\\/life-initiative.org\\\/tr\\\/buerokratie-guidelines\\\/#primaryimage\",\"url\":\"https:\\\/\\\/life-initiative.org\\\/wp-content\\\/uploads\\\/2024\\\/08\\\/steps-2-300x300.png\",\"contentUrl\":\"https:\\\/\\\/life-initiative.org\\\/wp-content\\\/uploads\\\/2024\\\/08\\\/steps-2-300x300.png\"},{\"@type\":\"BreadcrumbList\",\"@id\":\"https:\\\/\\\/life-initiative.org\\\/tr\\\/buerokratie-guidelines\\\/#breadcrumb\",\"itemListElement\":[{\"@type\":\"ListItem\",\"position\":1,\"name\":\"Startseite\",\"item\":\"https:\\\/\\\/life-initiative.org\\\/tr\\\/\"},{\"@type\":\"ListItem\",\"position\":2,\"name\":\"Ad\u0131m ad\u0131m rehberler\"}]},{\"@type\":\"WebSite\",\"@id\":\"https:\\\/\\\/life-initiative.org\\\/tr\\\/#website\",\"url\":\"https:\\\/\\\/life-initiative.org\\\/tr\\\/\",\"name\":\"LIFE Initiative\",\"description\":\"\",\"publisher\":{\"@id\":\"https:\\\/\\\/life-initiative.org\\\/tr\\\/#organization\"},\"potentialAction\":[{\"@type\":\"SearchAction\",\"target\":{\"@type\":\"EntryPoint\",\"urlTemplate\":\"https:\\\/\\\/life-initiative.org\\\/tr\\\/?s={search_term_string}\"},\"query-input\":{\"@type\":\"PropertyValueSpecification\",\"valueRequired\":true,\"valueName\":\"search_term_string\"}}],\"inLanguage\":\"tr\"},{\"@type\":\"Organization\",\"@id\":\"https:\\\/\\\/life-initiative.org\\\/tr\\\/#organization\",\"name\":\"LIFE Initiative\",\"url\":\"https:\\\/\\\/life-initiative.org\\\/tr\\\/\",\"logo\":{\"@type\":\"ImageObject\",\"inLanguage\":\"tr\",\"@id\":\"https:\\\/\\\/life-initiative.org\\\/tr\\\/#\\\/schema\\\/logo\\\/image\\\/\",\"url\":\"https:\\\/\\\/life-initiative.org\\\/wp-content\\\/uploads\\\/2023\\\/03\\\/cropped-life_logo.png\",\"contentUrl\":\"https:\\\/\\\/life-initiative.org\\\/wp-content\\\/uploads\\\/2023\\\/03\\\/cropped-life_logo.png\",\"width\":849,\"height\":411,\"caption\":\"LIFE Initiative\"},\"image\":{\"@id\":\"https:\\\/\\\/life-initiative.org\\\/tr\\\/#\\\/schema\\\/logo\\\/image\\\/\"},\"sameAs\":[\"https:\\\/\\\/www.facebook.com\\\/LIFE.Social.Coaching\",\"https:\\\/\\\/www.linkedin.com\\\/company\\\/life-initiative\\\/\",\"https:\\\/\\\/www.instagram.com\\\/LIFE.Social.Coaching\\\/\"]}]}<\/script>\n<!-- \/ Yoast SEO plugin. -->","yoast_head_json":{"title":"Ad\u0131m ad\u0131m rehberler - LIFE Initiative","robots":{"index":"index","follow":"follow","max-snippet":"max-snippet:-1","max-image-preview":"max-image-preview:large","max-video-preview":"max-video-preview:-1"},"canonical":"https:\/\/life-initiative.org\/tr\/buerokratie-guidelines\/","og_locale":"tr_TR","og_type":"article","og_title":"Ad\u0131m ad\u0131m rehberler - LIFE Initiative","og_description":"Burada, LIFE Initiative\u2019nin t\u00fcm ad\u0131m ad\u0131m rehberleri\u00a0bulabilirsin. Bu bilgiler, Almanya&#8217;daki g\u00f6\u00e7menler ve m\u00fclteci bireyler i\u00e7in haz\u0131rlanm\u0131\u015ft\u0131r. Her soruya basit ad\u0131mlarla cevap verilmektedir. Ne yapabilece\u011fin hakk\u0131nda bilgiler, ipu\u00e7lar\u0131 ve di\u011fer internet sitelerine ba\u011flant\u0131lar bulabilirsin. S\u0131\u011f\u0131nma S\u00fcreci S\u0131\u011f\u0131nma ba\u015fvurusu g\u00f6r\u00fc\u015fmeme nas\u0131l haz\u0131rlanabilirim? S\u0131\u011f\u0131nma s\u00fcrecimin durumunu nas\u0131l \u00f6\u011frenirim? S\u0131\u011f\u0131nma karar\u0131n\u0131 ald\u0131\u011f\u0131mda ne yapabilirim? Oturum ve Yabanc\u0131lar Dairesi Uzun [&hellip;]","og_url":"https:\/\/life-initiative.org\/tr\/buerokratie-guidelines\/","og_site_name":"LIFE Initiative","article_publisher":"https:\/\/www.facebook.com\/LIFE.Social.Coaching","article_modified_time":"2024-10-24T12:30:41+00:00","og_image":[{"url":"https:\/\/life-initiative.org\/wp-content\/uploads\/2024\/08\/steps-2-300x300.png","type":"","width":"","height":""}],"twitter_card":"summary_large_image","twitter_misc":{"Tahmini okuma s\u00fcresi":"1 dakika"},"schema":{"@context":"https:\/\/schema.org","@graph":[{"@type":"WebPage","@id":"https:\/\/life-initiative.org\/tr\/buerokratie-guidelines\/","url":"https:\/\/life-initiative.org\/tr\/buerokratie-guidelines\/","name":"Ad\u0131m ad\u0131m rehberler - LIFE Initiative","isPartOf":{"@id":"https:\/\/life-initiative.org\/tr\/#website"},"primaryImageOfPage":{"@id":"https:\/\/life-initiative.org\/tr\/buerokratie-guidelines\/#primaryimage"},"image":{"@id":"https:\/\/life-initiative.org\/tr\/buerokratie-guidelines\/#primaryimage"},"thumbnailUrl":"https:\/\/life-initiative.org\/wp-content\/uploads\/2024\/08\/steps-2-300x300.png","datePublished":"2024-08-05T12:25:02+00:00","dateModified":"2024-10-24T12:30:41+00:00","breadcrumb":{"@id":"https:\/\/life-initiative.org\/tr\/buerokratie-guidelines\/#breadcrumb"},"inLanguage":"tr","potentialAction":[{"@type":"ReadAction","target":["https:\/\/life-initiative.org\/tr\/buerokratie-guidelines\/"]}]},{"@type":"ImageObject","inLanguage":"tr","@id":"https:\/\/life-initiative.org\/tr\/buerokratie-guidelines\/#primaryimage","url":"https:\/\/life-initiative.org\/wp-content\/uploads\/2024\/08\/steps-2-300x300.png","contentUrl":"https:\/\/life-initiative.org\/wp-content\/uploads\/2024\/08\/steps-2-300x300.png"},{"@type":"BreadcrumbList","@id":"https:\/\/life-initiative.org\/tr\/buerokratie-guidelines\/#breadcrumb","itemListElement":[{"@type":"ListItem","position":1,"name":"Startseite","item":"https:\/\/life-initiative.org\/tr\/"},{"@type":"ListItem","position":2,"name":"Ad\u0131m ad\u0131m rehberler"}]},{"@type":"WebSite","@id":"https:\/\/life-initiative.org\/tr\/#website","url":"https:\/\/life-initiative.org\/tr\/","name":"LIFE Initiative","description":"","publisher":{"@id":"https:\/\/life-initiative.org\/tr\/#organization"},"potentialAction":[{"@type":"SearchAction","target":{"@type":"EntryPoint","urlTemplate":"https:\/\/life-initiative.org\/tr\/?s={search_term_string}"},"query-input":{"@type":"PropertyValueSpecification","valueRequired":true,"valueName":"search_term_string"}}],"inLanguage":"tr"},{"@type":"Organization","@id":"https:\/\/life-initiative.org\/tr\/#organization","name":"LIFE Initiative","url":"https:\/\/life-initiative.org\/tr\/","logo":{"@type":"ImageObject","inLanguage":"tr","@id":"https:\/\/life-initiative.org\/tr\/#\/schema\/logo\/image\/","url":"https:\/\/life-initiative.org\/wp-content\/uploads\/2023\/03\/cropped-life_logo.png","contentUrl":"https:\/\/life-initiative.org\/wp-content\/uploads\/2023\/03\/cropped-life_logo.png","width":849,"height":411,"caption":"LIFE Initiative"},"image":{"@id":"https:\/\/life-initiative.org\/tr\/#\/schema\/logo\/image\/"},"sameAs":["https:\/\/www.facebook.com\/LIFE.Social.Coaching","https:\/\/www.linkedin.com\/company\/life-initiative\/","https:\/\/www.instagram.com\/LIFE.Social.Coaching\/"]}]}},"_links":{"self":[{"href":"https:\/\/life-initiative.org\/tr\/wp-json\/wp\/v2\/pages\/3181","targetHints":{"allow":["GET"]}}],"collection":[{"href":"https:\/\/life-initiative.org\/tr\/wp-json\/wp\/v2\/pages"}],"about":[{"href":"https:\/\/life-initiative.org\/tr\/wp-json\/wp\/v2\/types\/page"}],"author":[{"embeddable":true,"href":"https:\/\/life-initiative.org\/tr\/wp-json\/wp\/v2\/users\/1"}],"replies":[{"embeddable":true,"href":"https:\/\/life-initiative.org\/tr\/wp-json\/wp\/v2\/comments?post=3181"}],"version-history":[{"count":17,"href":"https:\/\/life-initiative.org\/tr\/wp-json\/wp\/v2\/pages\/3181\/revisions"}],"predecessor-version":[{"id":3517,"href":"https:\/\/life-initiative.org\/tr\/wp-json\/wp\/v2\/pages\/3181\/revisions\/3517"}],"wp:attachment":[{"href":"https:\/\/life-initiative.org\/tr\/wp-json\/wp\/v2\/media?parent=3181"}],"curies":[{"name":"wp","href":"https:\/\/api.w.org\/{rel}","templated":true}]}}