{"id":3177,"date":"2023-03-28T14:58:51","date_gmt":"2023-03-28T12:58:51","guid":{"rendered":"https:\/\/life-initiative.org\/?page_id=3177"},"modified":"2024-10-25T12:10:09","modified_gmt":"2024-10-25T10:10:09","slug":"support","status":"publish","type":"page","link":"https:\/\/life-initiative.org\/tr\/support\/","title":{"rendered":"Nas\u0131l Yard\u0131mc\u0131 Oluyoruz?"},"content":{"rendered":"<p>G\u00f6n\u00fcll\u00fc ekibimiz, zor durumda olan insanlara <span style=\"color: #ff9400;\"><strong>b\u00fcrokratik sorunlar<\/strong><\/span> konusunda yard\u0131mc\u0131 olmaktad\u0131r. D\u00fc\u015f\u00fck gelirli bireylere \u015fu alanlarda \u00e7evrimi\u00e7i (online), bireysel ve <span style=\"color: #ff9900;\"><strong>\u00fccretsiz<\/strong><\/span> dan\u0131\u015fmanl\u0131k sunuyoruz:<\/p>\n<ul>\n<li>Yabanc\u0131lar dairesi veya Aufenthaltstitel<\/li>\n<li>S\u0131\u011f\u0131nma s\u00fcreci, BAMF<\/li>\n<li>\u0130\u015fsizlik, Jobcenter, sosyal yard\u0131mlar<\/li>\n<\/ul>\n<p>En ge\u00e7 <span style=\"color: #ff9900;\"><strong>48 saat<\/strong><\/span> i\u00e7inde yan\u0131t veriyoruz. Ekibimiz \u0130ngilizce ve Almanca konu\u015fmaktad\u0131r. T\u00fcrk\u00e7e talepleri sadece \u00e7eviri yaz\u0131l\u0131m\u0131 yard\u0131m\u0131yla k\u0131smen cevaplayabiliyoruz. T\u00fcrk\u00e7e olarak bir g\u00f6n\u00fcll\u00fcden destek almak sadece istisnai durumlarda m\u00fcmk\u00fcnd\u00fcr.<\/p>\n<p><a class=\"button2\" href=\"https:\/\/wa.me\/4915735996595\">WhatsApp<\/a> <a href=\"https:\/\/wa.me\/4915735996595\">+49 1573 5996595<\/a><\/p>\n<p><a class=\"button2\" href=\"sms:\/\/+4915735996595\">SMS<\/a> <a href=\"sms:\/\/+4915735996595\">+49 1573 5996595<\/a><\/p>\n<p><a class=\"button2\" href=\"tel:+493023321300\">Sesli Mesaj<\/a> <a href=\"tel:+493023321300\">+49 30 233 213 00<\/a><\/p>\n<p><a class=\"button2\" href=\"mailto:info@life-initiative.org\">E-Mail<\/a> <a href=\"mailto:info@life-initiative.org\">info@life-initiative.org<\/a><\/p>\n<p><a class=\"button2\" href=\"https:\/\/life-initiative.org\/tr\/kontakt\/\">\u0130leti\u015fim formu<\/a><a href=\"https:\/\/wa.me\/4915735996595\"><img loading=\"lazy\" decoding=\"async\" class=\"wp-image-654 alignnone\" src=\"https:\/\/life-initiative.org\/wp-content\/uploads\/2023\/03\/whatsapp-button-300x104.png\" alt=\"\" width=\"202\" height=\"70\" srcset=\"https:\/\/life-initiative.org\/wp-content\/uploads\/2023\/03\/whatsapp-button-300x104.png 300w, https:\/\/life-initiative.org\/wp-content\/uploads\/2023\/03\/whatsapp-button-18x6.png 18w, https:\/\/life-initiative.org\/wp-content\/uploads\/2023\/03\/whatsapp-button.png 738w\" sizes=\"auto, (max-width: 202px) 100vw, 202px\" \/><\/a><\/p>\n<p><strong><span style=\"color: #ff9900;\">Ad\u0131m ad\u0131m rehberlerimiz<\/span><\/strong>&#8216;e g\u00f6z at: Almanya&#8217;daki s\u0131\u011f\u0131nma s\u00fcreci, oturum veya b\u00fcrokrasi ile ilgili bir\u00e7ok soruyu cevapl\u0131yor. Her soru birka\u00e7 ad\u0131mda m\u00fcmk\u00fcn oldu\u011funca basit a\u00e7\u0131klanmaktad\u0131r.<\/p>\n<p><a class=\"button2\" href=\"https:\/\/life-initiative.org\/tr\/buerokratie-guidelines\/\">Ad\u0131m ad\u0131m rehberler<\/a><\/p>\n<hr \/>\n<h4>Yard\u0131m\u0131m\u0131z kimlere y\u00f6neliktir?<\/h4>\n<p>\u00dccretsiz yard\u0131m\u0131m\u0131z, m\u00fclteciler, g\u00f6\u00e7menler veya <span style=\"color: #ff9900;\"><strong>d\u00fc\u015f\u00fck gelirli<\/strong><\/span> ya da gelirsiz Alman vatanda\u015flar\u0131na y\u00f6neliktir.<\/p>\n<h4>Nas\u0131l yard\u0131mc\u0131 oluyoruz?<\/h4>\n<p>Her zaman <span style=\"color: #ff9900;\"><strong>\u00e7evrimi\u00e7i (online)<\/strong><\/span> yard\u0131m sunuyoruz. WhatsApp veya e-posta yoluyla bize sorununuzu yaz\u0131n. En ge\u00e7 <span style=\"color: #ff9900;\"><strong>48 saat<\/strong><\/span> i\u00e7inde cevap veriyoruz. K\u0131sa bir telefon g\u00f6r\u00fc\u015fmesiyle durumunuzu de\u011ferlendiriyor ve size yard\u0131mc\u0131 olup olamayaca\u011f\u0131m\u0131z\u0131 kontrol ediyoruz.<\/p>\n<p>B\u00fcrokratik sorunlarda size dan\u0131\u015fmanl\u0131k yap\u0131yor ve \u00e7\u00f6z\u00fcm bulman\u0131za yard\u0131mc\u0131 oluyoruz. Gerekirse, bir kuruma mektup yazman\u0131zda size yard\u0131mc\u0131 olabiliriz. G\u00f6n\u00fcll\u00fclerimiz, bo\u015f zamanlar\u0131nda ve \u00fccret almadan \u00e7al\u0131\u015fmaktad\u0131r. Bir avukatl\u0131k b\u00fcrosunu ikame edemeyiz, ancak gerekti\u011finde avukat bulman\u0131za yard\u0131mc\u0131 oluruz.<\/p>\n<h4>Dan\u0131\u015fmanl\u0131k hangi dillerde yap\u0131lmaktad\u0131r?<\/h4>\n<p>Her zaman <span style=\"color: #ff9900;\"><strong>Almanca<\/strong><\/span> veya <span style=\"color: #ff9900;\"><strong>\u0130ngilizce<\/strong><\/span> konu\u015fabiliriz. Ayr\u0131ca, anla\u015farak Arap\u00e7a, T\u00fcrk\u00e7e, Frans\u0131zca, \u0130talyanca, Rus\u00e7a ve \u0130spanyolca dillerinde de dan\u0131\u015fmanl\u0131k yapabiliriz. Bu dilleri konu\u015fmuyorsan\u0131z, terc\u00fcmanl\u0131k yapacak birini bulman\u0131z gerekmektedir.<\/p>\n<h4>Hangi sorularda LIFE Initiative yard\u0131mc\u0131 olamaz?<\/h4>\n<p>A\u015fa\u011f\u0131daki durumlarda yard\u0131mc\u0131 olam\u0131yoruz:<\/p>\n<ul>\n<li><span style=\"color: #ff9900;\"><strong>Yurtd\u0131\u015f\u0131nda bulunma durumu<\/strong><\/span>: Yaln\u0131zca Almanya&#8217;da ya\u015fayan ki\u015filere yard\u0131mc\u0131 olabiliyoruz. Almanya&#8217;ya nas\u0131l gelinir sorusuyla ilgili dan\u0131\u015fmanl\u0131k sa\u011flam\u0131yoruz.<\/li>\n<li><span style=\"color: #ff9900;\"><strong>Gelir durumu<\/strong><\/span>: Yard\u0131m\u0131m\u0131z, hi\u00e7 geliri olmayan veya \u00e7ok d\u00fc\u015f\u00fck gelire sahip olan insanlara y\u00f6neliktir.<\/li>\n<li><span style=\"color: #ff9900;\"><strong>Sorun alan\u0131<\/strong><\/span>: Kurumlarla ve resmi dairelerle ya\u015fanan sorunlarda yard\u0131mc\u0131 oluyoruz. Konut ve i\u015f arama veya sa\u011fl\u0131k sorunlar\u0131 konusunda yard\u0131mc\u0131 olamay\u0131z.<\/li>\n<\/ul>\n<p><a class=\"button2\" href=\"https:\/\/life-initiative.org\/tr\/kontakt\/\">Bize ula\u015f!<\/a><\/p>\n<p>&nbsp;<\/p>\n","protected":false},"excerpt":{"rendered":"<p>G\u00f6n\u00fcll\u00fc ekibimiz, zor durumda olan insanlara b\u00fcrokratik sorunlar konusunda yard\u0131mc\u0131 olmaktad\u0131r. D\u00fc\u015f\u00fck gelirli bireylere \u015fu alanlarda \u00e7evrimi\u00e7i (online), bireysel ve \u00fccretsiz dan\u0131\u015fmanl\u0131k sunuyoruz: Yabanc\u0131lar dairesi veya Aufenthaltstitel S\u0131\u011f\u0131nma s\u00fcreci, BAMF \u0130\u015fsizlik, Jobcenter, sosyal yard\u0131mlar En ge\u00e7 48 saat i\u00e7inde yan\u0131t veriyoruz. Ekibimiz \u0130ngilizce ve Almanca konu\u015fmaktad\u0131r. T\u00fcrk\u00e7e talepleri sadece \u00e7eviri yaz\u0131l\u0131m\u0131 yard\u0131m\u0131yla k\u0131smen cevaplayabiliyoruz. T\u00fcrk\u00e7e [&hellip;]<\/p>\n","protected":false},"author":1,"featured_media":0,"parent":0,"menu_order":0,"comment_status":"closed","ping_status":"closed","template":"","meta":{"footnotes":""},"class_list":["post-3177","page","type-page","status-publish","hentry"],"yoast_head":"<!-- This site is optimized with the Yoast SEO plugin v27.3 - https:\/\/yoast.com\/product\/yoast-seo-wordpress\/ -->\n<title>Nas\u0131l Yard\u0131mc\u0131 Oluyoruz? - LIFE Initiative<\/title>\n<meta name=\"robots\" content=\"index, follow, max-snippet:-1, max-image-preview:large, max-video-preview:-1\" \/>\n<link rel=\"canonical\" href=\"https:\/\/life-initiative.org\/tr\/support\/\" \/>\n<meta property=\"og:locale\" content=\"tr_TR\" \/>\n<meta property=\"og:type\" content=\"article\" \/>\n<meta property=\"og:title\" content=\"Nas\u0131l Yard\u0131mc\u0131 Oluyoruz? - LIFE Initiative\" \/>\n<meta property=\"og:description\" content=\"G\u00f6n\u00fcll\u00fc ekibimiz, zor durumda olan insanlara b\u00fcrokratik sorunlar konusunda yard\u0131mc\u0131 olmaktad\u0131r. D\u00fc\u015f\u00fck gelirli bireylere \u015fu alanlarda \u00e7evrimi\u00e7i (online), bireysel ve \u00fccretsiz dan\u0131\u015fmanl\u0131k sunuyoruz: Yabanc\u0131lar dairesi veya Aufenthaltstitel S\u0131\u011f\u0131nma s\u00fcreci, BAMF \u0130\u015fsizlik, Jobcenter, sosyal yard\u0131mlar En ge\u00e7 48 saat i\u00e7inde yan\u0131t veriyoruz. Ekibimiz \u0130ngilizce ve Almanca konu\u015fmaktad\u0131r. T\u00fcrk\u00e7e talepleri sadece \u00e7eviri yaz\u0131l\u0131m\u0131 yard\u0131m\u0131yla k\u0131smen cevaplayabiliyoruz. T\u00fcrk\u00e7e [&hellip;]\" \/>\n<meta property=\"og:url\" content=\"https:\/\/life-initiative.org\/tr\/support\/\" \/>\n<meta property=\"og:site_name\" content=\"LIFE Initiative\" \/>\n<meta property=\"article:publisher\" content=\"https:\/\/www.facebook.com\/LIFE.Social.Coaching\" \/>\n<meta property=\"article:modified_time\" content=\"2024-10-25T10:10:09+00:00\" \/>\n<meta property=\"og:image\" content=\"https:\/\/life-initiative.org\/wp-content\/uploads\/2023\/03\/whatsapp-button-300x104.png\" \/>\n<meta name=\"twitter:card\" content=\"summary_large_image\" \/>\n<meta name=\"twitter:label1\" content=\"Tahmini okuma s\u00fcresi\" \/>\n\t<meta name=\"twitter:data1\" content=\"2 dakika\" \/>\n<script type=\"application\/ld+json\" class=\"yoast-schema-graph\">{\"@context\":\"https:\\\/\\\/schema.org\",\"@graph\":[{\"@type\":\"WebPage\",\"@id\":\"https:\\\/\\\/life-initiative.org\\\/tr\\\/support\\\/\",\"url\":\"https:\\\/\\\/life-initiative.org\\\/tr\\\/support\\\/\",\"name\":\"Nas\u0131l Yard\u0131mc\u0131 Oluyoruz? - LIFE Initiative\",\"isPartOf\":{\"@id\":\"https:\\\/\\\/life-initiative.org\\\/tr\\\/#website\"},\"primaryImageOfPage\":{\"@id\":\"https:\\\/\\\/life-initiative.org\\\/tr\\\/support\\\/#primaryimage\"},\"image\":{\"@id\":\"https:\\\/\\\/life-initiative.org\\\/tr\\\/support\\\/#primaryimage\"},\"thumbnailUrl\":\"https:\\\/\\\/life-initiative.org\\\/wp-content\\\/uploads\\\/2023\\\/03\\\/whatsapp-button-300x104.png\",\"datePublished\":\"2023-03-28T12:58:51+00:00\",\"dateModified\":\"2024-10-25T10:10:09+00:00\",\"breadcrumb\":{\"@id\":\"https:\\\/\\\/life-initiative.org\\\/tr\\\/support\\\/#breadcrumb\"},\"inLanguage\":\"tr\",\"potentialAction\":[{\"@type\":\"ReadAction\",\"target\":[\"https:\\\/\\\/life-initiative.org\\\/tr\\\/support\\\/\"]}]},{\"@type\":\"ImageObject\",\"inLanguage\":\"tr\",\"@id\":\"https:\\\/\\\/life-initiative.org\\\/tr\\\/support\\\/#primaryimage\",\"url\":\"https:\\\/\\\/life-initiative.org\\\/wp-content\\\/uploads\\\/2023\\\/03\\\/whatsapp-button-300x104.png\",\"contentUrl\":\"https:\\\/\\\/life-initiative.org\\\/wp-content\\\/uploads\\\/2023\\\/03\\\/whatsapp-button-300x104.png\"},{\"@type\":\"BreadcrumbList\",\"@id\":\"https:\\\/\\\/life-initiative.org\\\/tr\\\/support\\\/#breadcrumb\",\"itemListElement\":[{\"@type\":\"ListItem\",\"position\":1,\"name\":\"Startseite\",\"item\":\"https:\\\/\\\/life-initiative.org\\\/tr\\\/\"},{\"@type\":\"ListItem\",\"position\":2,\"name\":\"Nas\u0131l Yard\u0131mc\u0131 Oluyoruz?\"}]},{\"@type\":\"WebSite\",\"@id\":\"https:\\\/\\\/life-initiative.org\\\/tr\\\/#website\",\"url\":\"https:\\\/\\\/life-initiative.org\\\/tr\\\/\",\"name\":\"LIFE Initiative\",\"description\":\"\",\"publisher\":{\"@id\":\"https:\\\/\\\/life-initiative.org\\\/tr\\\/#organization\"},\"potentialAction\":[{\"@type\":\"SearchAction\",\"target\":{\"@type\":\"EntryPoint\",\"urlTemplate\":\"https:\\\/\\\/life-initiative.org\\\/tr\\\/?s={search_term_string}\"},\"query-input\":{\"@type\":\"PropertyValueSpecification\",\"valueRequired\":true,\"valueName\":\"search_term_string\"}}],\"inLanguage\":\"tr\"},{\"@type\":\"Organization\",\"@id\":\"https:\\\/\\\/life-initiative.org\\\/tr\\\/#organization\",\"name\":\"LIFE Initiative\",\"url\":\"https:\\\/\\\/life-initiative.org\\\/tr\\\/\",\"logo\":{\"@type\":\"ImageObject\",\"inLanguage\":\"tr\",\"@id\":\"https:\\\/\\\/life-initiative.org\\\/tr\\\/#\\\/schema\\\/logo\\\/image\\\/\",\"url\":\"https:\\\/\\\/life-initiative.org\\\/wp-content\\\/uploads\\\/2023\\\/03\\\/cropped-life_logo.png\",\"contentUrl\":\"https:\\\/\\\/life-initiative.org\\\/wp-content\\\/uploads\\\/2023\\\/03\\\/cropped-life_logo.png\",\"width\":849,\"height\":411,\"caption\":\"LIFE Initiative\"},\"image\":{\"@id\":\"https:\\\/\\\/life-initiative.org\\\/tr\\\/#\\\/schema\\\/logo\\\/image\\\/\"},\"sameAs\":[\"https:\\\/\\\/www.facebook.com\\\/LIFE.Social.Coaching\",\"https:\\\/\\\/www.linkedin.com\\\/company\\\/life-initiative\\\/\",\"https:\\\/\\\/www.instagram.com\\\/LIFE.Social.Coaching\\\/\"]}]}<\/script>\n<!-- \/ Yoast SEO plugin. -->","yoast_head_json":{"title":"Nas\u0131l Yard\u0131mc\u0131 Oluyoruz? - LIFE Initiative","robots":{"index":"index","follow":"follow","max-snippet":"max-snippet:-1","max-image-preview":"max-image-preview:large","max-video-preview":"max-video-preview:-1"},"canonical":"https:\/\/life-initiative.org\/tr\/support\/","og_locale":"tr_TR","og_type":"article","og_title":"Nas\u0131l Yard\u0131mc\u0131 Oluyoruz? - LIFE Initiative","og_description":"G\u00f6n\u00fcll\u00fc ekibimiz, zor durumda olan insanlara b\u00fcrokratik sorunlar konusunda yard\u0131mc\u0131 olmaktad\u0131r. D\u00fc\u015f\u00fck gelirli bireylere \u015fu alanlarda \u00e7evrimi\u00e7i (online), bireysel ve \u00fccretsiz dan\u0131\u015fmanl\u0131k sunuyoruz: Yabanc\u0131lar dairesi veya Aufenthaltstitel S\u0131\u011f\u0131nma s\u00fcreci, BAMF \u0130\u015fsizlik, Jobcenter, sosyal yard\u0131mlar En ge\u00e7 48 saat i\u00e7inde yan\u0131t veriyoruz. Ekibimiz \u0130ngilizce ve Almanca konu\u015fmaktad\u0131r. T\u00fcrk\u00e7e talepleri sadece \u00e7eviri yaz\u0131l\u0131m\u0131 yard\u0131m\u0131yla k\u0131smen cevaplayabiliyoruz. T\u00fcrk\u00e7e [&hellip;]","og_url":"https:\/\/life-initiative.org\/tr\/support\/","og_site_name":"LIFE Initiative","article_publisher":"https:\/\/www.facebook.com\/LIFE.Social.Coaching","article_modified_time":"2024-10-25T10:10:09+00:00","og_image":[{"url":"https:\/\/life-initiative.org\/wp-content\/uploads\/2023\/03\/whatsapp-button-300x104.png","type":"","width":"","height":""}],"twitter_card":"summary_large_image","twitter_misc":{"Tahmini okuma s\u00fcresi":"2 dakika"},"schema":{"@context":"https:\/\/schema.org","@graph":[{"@type":"WebPage","@id":"https:\/\/life-initiative.org\/tr\/support\/","url":"https:\/\/life-initiative.org\/tr\/support\/","name":"Nas\u0131l Yard\u0131mc\u0131 Oluyoruz? - LIFE Initiative","isPartOf":{"@id":"https:\/\/life-initiative.org\/tr\/#website"},"primaryImageOfPage":{"@id":"https:\/\/life-initiative.org\/tr\/support\/#primaryimage"},"image":{"@id":"https:\/\/life-initiative.org\/tr\/support\/#primaryimage"},"thumbnailUrl":"https:\/\/life-initiative.org\/wp-content\/uploads\/2023\/03\/whatsapp-button-300x104.png","datePublished":"2023-03-28T12:58:51+00:00","dateModified":"2024-10-25T10:10:09+00:00","breadcrumb":{"@id":"https:\/\/life-initiative.org\/tr\/support\/#breadcrumb"},"inLanguage":"tr","potentialAction":[{"@type":"ReadAction","target":["https:\/\/life-initiative.org\/tr\/support\/"]}]},{"@type":"ImageObject","inLanguage":"tr","@id":"https:\/\/life-initiative.org\/tr\/support\/#primaryimage","url":"https:\/\/life-initiative.org\/wp-content\/uploads\/2023\/03\/whatsapp-button-300x104.png","contentUrl":"https:\/\/life-initiative.org\/wp-content\/uploads\/2023\/03\/whatsapp-button-300x104.png"},{"@type":"BreadcrumbList","@id":"https:\/\/life-initiative.org\/tr\/support\/#breadcrumb","itemListElement":[{"@type":"ListItem","position":1,"name":"Startseite","item":"https:\/\/life-initiative.org\/tr\/"},{"@type":"ListItem","position":2,"name":"Nas\u0131l Yard\u0131mc\u0131 Oluyoruz?"}]},{"@type":"WebSite","@id":"https:\/\/life-initiative.org\/tr\/#website","url":"https:\/\/life-initiative.org\/tr\/","name":"LIFE Initiative","description":"","publisher":{"@id":"https:\/\/life-initiative.org\/tr\/#organization"},"potentialAction":[{"@type":"SearchAction","target":{"@type":"EntryPoint","urlTemplate":"https:\/\/life-initiative.org\/tr\/?s={search_term_string}"},"query-input":{"@type":"PropertyValueSpecification","valueRequired":true,"valueName":"search_term_string"}}],"inLanguage":"tr"},{"@type":"Organization","@id":"https:\/\/life-initiative.org\/tr\/#organization","name":"LIFE Initiative","url":"https:\/\/life-initiative.org\/tr\/","logo":{"@type":"ImageObject","inLanguage":"tr","@id":"https:\/\/life-initiative.org\/tr\/#\/schema\/logo\/image\/","url":"https:\/\/life-initiative.org\/wp-content\/uploads\/2023\/03\/cropped-life_logo.png","contentUrl":"https:\/\/life-initiative.org\/wp-content\/uploads\/2023\/03\/cropped-life_logo.png","width":849,"height":411,"caption":"LIFE Initiative"},"image":{"@id":"https:\/\/life-initiative.org\/tr\/#\/schema\/logo\/image\/"},"sameAs":["https:\/\/www.facebook.com\/LIFE.Social.Coaching","https:\/\/www.linkedin.com\/company\/life-initiative\/","https:\/\/www.instagram.com\/LIFE.Social.Coaching\/"]}]}},"_links":{"self":[{"href":"https:\/\/life-initiative.org\/tr\/wp-json\/wp\/v2\/pages\/3177","targetHints":{"allow":["GET"]}}],"collection":[{"href":"https:\/\/life-initiative.org\/tr\/wp-json\/wp\/v2\/pages"}],"about":[{"href":"https:\/\/life-initiative.org\/tr\/wp-json\/wp\/v2\/types\/page"}],"author":[{"embeddable":true,"href":"https:\/\/life-initiative.org\/tr\/wp-json\/wp\/v2\/users\/1"}],"replies":[{"embeddable":true,"href":"https:\/\/life-initiative.org\/tr\/wp-json\/wp\/v2\/comments?post=3177"}],"version-history":[{"count":13,"href":"https:\/\/life-initiative.org\/tr\/wp-json\/wp\/v2\/pages\/3177\/revisions"}],"predecessor-version":[{"id":3556,"href":"https:\/\/life-initiative.org\/tr\/wp-json\/wp\/v2\/pages\/3177\/revisions\/3556"}],"wp:attachment":[{"href":"https:\/\/life-initiative.org\/tr\/wp-json\/wp\/v2\/media?parent=3177"}],"curies":[{"name":"wp","href":"https:\/\/api.w.org\/{rel}","templated":true}]}}