{"id":3527,"date":"2022-07-20T16:56:56","date_gmt":"2022-07-20T14:56:56","guid":{"rendered":"https:\/\/life-initiative.org\/?page_id=3527"},"modified":"2024-11-01T15:09:03","modified_gmt":"2024-11-01T14:09:03","slug":"kontakt","status":"publish","type":"page","link":"https:\/\/life-initiative.org\/ru\/kontakt\/","title":{"rendered":"\u0421\u0432\u044f\u0436\u0438\u0441\u044c \u0441 \u043d\u0430\u043c\u0438!"},"content":{"rendered":"<p>\u0422\u044b \u043c\u043e\u0436\u0435\u0448\u044c \u0441\u0432\u044f\u0437\u0430\u0442\u044c\u0441\u044f \u0441 \u043d\u0430\u043c\u0438 \u0447\u0435\u0440\u0435\u0437 \u0441\u043b\u0435\u0434\u0443\u044e\u0449\u0438\u0435 \u043a\u0430\u043d\u0430\u043b\u044b. \u041c\u044b \u043e\u0442\u0432\u0435\u0442\u0438\u043c \u0432 \u0442\u0435\u0447\u0435\u043d\u0438\u0435 <span style=\"color: #ff9400;\"><strong>48 \u0447\u0430\u0441\u043e\u0432<\/strong><\/span>.<\/p>\n<p><a class=\"button2\" href=\"https:\/\/wa.me\/4915735996595\">WhatsApp<\/a> <a href=\"https:\/\/wa.me\/4915735996595\">+49 1573 5996595<\/a><\/p>\n<p><a class=\"button2\" href=\"sms:\/\/+4915735996595\">SMS<\/a> <a href=\"sms:\/\/+4915735996595\">+49 1573 5996595<\/a><\/p>\n<p><a class=\"button2\" href=\"tel:+493023321300\">\u0413\u043e\u043b\u043e\u0441\u043e\u0432\u043e\u0435 \u0441\u043e\u043e\u0431\u0449\u0435\u043d\u0438\u0435<\/a> <a href=\"tel:+493023321300\">+49 30 233 213 00<\/a><\/p>\n<p><a class=\"button2\" href=\"mailto:info@life-initiative.org\">\u042d\u043b. \u043f\u043e\u0447\u0442\u0430<\/a> <a href=\"mailto:info@life-initiative.org\">info@life-initiative.org<\/a><\/p>\n<p><a href=\"https:\/\/wa.me\/4915735996595\"><img loading=\"lazy\" decoding=\"async\" class=\"wp-image-654 alignnone\" src=\"https:\/\/life-initiative.org\/wp-content\/uploads\/2023\/03\/whatsapp-button-300x104.png\" alt=\"\" width=\"202\" height=\"70\" srcset=\"https:\/\/life-initiative.org\/wp-content\/uploads\/2023\/03\/whatsapp-button-300x104.png 300w, https:\/\/life-initiative.org\/wp-content\/uploads\/2023\/03\/whatsapp-button-18x6.png 18w, https:\/\/life-initiative.org\/wp-content\/uploads\/2023\/03\/whatsapp-button.png 738w\" sizes=\"auto, (max-width: 202px) 100vw, 202px\" \/><\/a><\/p>\n<p><span style=\"color: #ff9400;\"><strong>\u0427\u0435\u0440\u0435\u0437 \u043d\u0430\u0448\u0443 \u043a\u043e\u043d\u0442\u0430\u043a\u0442\u043d\u0443\u044e \u0444\u043e\u0440\u043c\u0443<\/strong><\/span><\/p>\n\n<div class=\"wpcf7 no-js\" id=\"wpcf7-f3699-o1\" lang=\"de-DE\" dir=\"ltr\" data-wpcf7-id=\"3699\">\n<div class=\"screen-reader-response\"><p role=\"status\" aria-live=\"polite\" aria-atomic=\"true\"><\/p> <ul><\/ul><\/div>\n<form action=\"\/ru\/wp-json\/wp\/v2\/pages\/3527#wpcf7-f3699-o1\" method=\"post\" class=\"wpcf7-form init\" aria-label=\"Kontaktformular\" novalidate=\"novalidate\" data-status=\"init\">\n<fieldset class=\"hidden-fields-container\"><input type=\"hidden\" name=\"_wpcf7\" value=\"3699\" \/><input type=\"hidden\" name=\"_wpcf7_version\" value=\"6.1.5\" \/><input type=\"hidden\" name=\"_wpcf7_locale\" value=\"de_DE\" \/><input type=\"hidden\" name=\"_wpcf7_unit_tag\" value=\"wpcf7-f3699-o1\" \/><input type=\"hidden\" name=\"_wpcf7_container_post\" value=\"0\" \/><input type=\"hidden\" name=\"_wpcf7_posted_data_hash\" value=\"\" \/><input type=\"hidden\" name=\"_wpcf7_recaptcha_response\" value=\"\" \/>\n<\/fieldset>\n<p><label> \u0418\u043c\u044f (\u043f\u043e \u0436\u0435\u043b\u0430\u043d\u0438\u044e)<br \/>\n<span class=\"wpcf7-form-control-wrap\" data-name=\"your-name\"><input size=\"40\" maxlength=\"400\" class=\"wpcf7-form-control wpcf7-text\" aria-invalid=\"false\" value=\"\" type=\"text\" name=\"your-name\" \/><\/span> <\/label>\n<\/p>\n<p><label> \u042d\u043b. \u043f\u043e\u0447\u0442\u0430 (\u043f\u043e \u0436\u0435\u043b\u0430\u043d\u0438\u044e)<br \/>\n<span class=\"wpcf7-form-control-wrap\" data-name=\"your-email\"><input size=\"40\" maxlength=\"400\" class=\"wpcf7-form-control wpcf7-email wpcf7-text wpcf7-validates-as-email\" aria-invalid=\"false\" value=\"\" type=\"email\" name=\"your-email\" \/><\/span> <\/label>\n<\/p>\n<p><label> \u041d\u043e\u043c\u0435\u0440 \u0442\u0435\u043b\u0435\u0444\u043e\u043d\u0430 (\u043e\u0431\u044f\u0437\u0430\u0442\u0435\u043b\u044c\u043d\u043e, \u0447\u0442\u043e\u0431\u044b \u043c\u044b \u043c\u043e\u0433\u043b\u0438 \u043f\u0435\u0440\u0435\u0437\u0432\u043e\u043d\u0438\u0442\u044c)<br \/>\n<span class=\"wpcf7-form-control-wrap\" data-name=\"tel-605\"><input size=\"40\" maxlength=\"400\" class=\"wpcf7-form-control wpcf7-tel wpcf7-validates-as-required wpcf7-text wpcf7-validates-as-tel\" aria-required=\"true\" aria-invalid=\"false\" value=\"\" type=\"tel\" name=\"tel-605\" \/><\/span> <\/label>\n<\/p>\n<p><label> \u041e\u043f\u0438\u0441\u0430\u043d\u0438\u0435 \u043f\u0440\u043e\u0431\u043b\u0435\u043c\u044b, \u0441 \u043a\u043e\u0442\u043e\u0440\u043e\u0439 \u0442\u0435\u0431\u0435 \u043d\u0443\u0436\u043d\u0430 \u043f\u043e\u043c\u043e\u0449\u044c (\u043e\u0431\u044f\u0437\u0430\u0442\u0435\u043b\u044c\u043d\u043e)<br \/>\n<span class=\"wpcf7-form-control-wrap\" data-name=\"your-message\"><textarea cols=\"40\" rows=\"10\" maxlength=\"2000\" class=\"wpcf7-form-control wpcf7-textarea wpcf7-validates-as-required\" aria-required=\"true\" aria-invalid=\"false\" name=\"your-message\"><\/textarea><\/span> <\/label>\n<\/p>\n<p><label> \u041d\u0430 \u043a\u0430\u043a\u043e\u043c \u044f\u0437\u044b\u043a\u0435 \u043c\u044b \u0434\u043e\u043b\u0436\u043d\u044b \u0441 \u0442\u043e\u0431\u043e\u0439 \u043e\u0431\u0449\u0430\u0442\u044c\u0441\u044f?<br \/>\n<span class=\"wpcf7-form-control-wrap\" data-name=\"radio-327\"><span class=\"wpcf7-form-control wpcf7-radio\"><span class=\"wpcf7-list-item first\"><label><input type=\"radio\" name=\"radio-327\" value=\"\u041d\u0435\u043c\u0435\u0446\u043a\u0438\u0439\" checked=\"checked\" \/><span class=\"wpcf7-list-item-label\">\u041d\u0435\u043c\u0435\u0446\u043a\u0438\u0439<\/span><\/label><\/span><span class=\"wpcf7-list-item\"><label><input type=\"radio\" name=\"radio-327\" value=\"\u0410\u043d\u0433\u043b\u0438\u0439\u0441\u043a\u0438\u0439\" \/><span class=\"wpcf7-list-item-label\">\u0410\u043d\u0433\u043b\u0438\u0439\u0441\u043a\u0438\u0439<\/span><\/label><\/span><span class=\"wpcf7-list-item last\"><label><input type=\"radio\" name=\"radio-327\" value=\"\u0414\u0440\u0443\u0433\u043e\u0439 \u044f\u0437\u044b\u043a\" \/><span class=\"wpcf7-list-item-label\">\u0414\u0440\u0443\u0433\u043e\u0439 \u044f\u0437\u044b\u043a<\/span><\/label><\/span><\/span><\/span> <span class=\"wpcf7-form-control-wrap\" data-name=\"your-language\"><input size=\"40\" maxlength=\"400\" class=\"wpcf7-form-control wpcf7-text\" aria-invalid=\"false\" value=\"\" type=\"text\" name=\"your-language\" \/><\/span> <\/label>\n<\/p>\n\n<p><input class=\"wpcf7-form-control wpcf7-submit has-spinner\" type=\"submit\" value=\"\u041e\u0442\u043f\u0440\u0430\u0432\u0438\u0442\u044c\" \/>\n<\/p><div class=\"wpcf7-response-output\" aria-hidden=\"true\"><\/div>\n<\/form>\n<\/div>\n\n<hr \/>\n<p><a class=\"button2\" href=\"mailto:office@life-initiative.org\">\u0412\u043e\u043f\u0440\u043e\u0441\u044b \u043e \u043f\u043e\u0436\u0435\u0440\u0442\u0432\u043e\u0432\u0430\u043d\u0438\u044f\u0445 \u0438\u043b\u0438 \u0447\u043b\u0435\u043d\u0441\u0442\u0432\u0435<\/a><\/p>\n<p>\u043f\u043e \u044d\u043b\u0435\u043a\u0442\u0440\u043e\u043d\u043d\u043e\u0439 \u043f\u043e\u0447\u0442\u0435: office@life-initiative.org<\/p>\n<p><a class=\"button2\" href=\"mailto:jobs@life-initiative.org\">\u0412\u043e\u043f\u0440\u043e\u0441\u044b \u043e \u0432\u043e\u043b\u043e\u043d\u0442\u0435\u0440\u0441\u0442\u0432\u0435<\/a><\/p>\n<p>\u043f\u043e \u044d\u043b\u0435\u043a\u0442\u0440\u043e\u043d\u043d\u043e\u0439 \u043f\u043e\u0447\u0442\u0435: jobs@life-initiative.org<\/p>\n<h4><span style=\"color: #000000;\">\u0418\u043d\u0444\u043e\u0440\u043c\u0430\u0446\u0438\u044f \u043e \u0437\u0430\u0449\u0438\u0442\u0435 \u0434\u0430\u043d\u043d\u044b\u0445<\/span><\/h4>\n<p>\u0415\u0441\u043b\u0438 \u0442\u044b \u0441\u0432\u044f\u0437\u044b\u0432\u0430\u0435\u0448\u044c\u0441\u044f \u0441 LIFE Initiative e.V., Oranienstra\u00dfe 203, 10999 Berlin, \u043c\u044b \u043e\u0431\u0440\u0430\u0431\u0430\u0442\u044b\u0432\u0430\u0435\u043c \u043b\u0438\u0447\u043d\u044b\u0435 \u0434\u0430\u043d\u043d\u044b\u0435, \u043a\u043e\u0442\u043e\u0440\u044b\u0435 \u0442\u044b \u043d\u0430\u043c \u043f\u0435\u0440\u0435\u0434\u0430\u0435\u0448\u044c, \u0434\u043b\u044f \u043e\u0431\u0440\u0430\u0431\u043e\u0442\u043a\u0438 \u0442\u0432\u043e\u0435\u0433\u043e \u0437\u0430\u043f\u0440\u043e\u0441\u0430 \u0432 \u0441\u043e\u043e\u0442\u0432\u0435\u0442\u0441\u0442\u0432\u0438\u0438 \u0441 \u043d\u0430\u0448\u0435\u0439 \u043f\u043e\u043b\u0438\u0442\u0438\u043a\u043e\u0439 \u043a\u043e\u043d\u0444\u0438\u0434\u0435\u043d\u0446\u0438\u0430\u043b\u044c\u043d\u043e\u0441\u0442\u0438 \u043d\u0430 <a href=\"https:\/\/www.life-initiative.org\/datenschutz\">https:\/\/www.life-initiative.org\/datenschutz<\/a>.<\/p>\n<form class=\"layout_form cr_form cr_font\" action=\"https:\/\/seu2.cleverreach.com\/f\/355812-360214\/wcs\/\" method=\"post\" target=\"_blank\">\n<div class=\"cr_body cr_page cr_font formbox\">\n<p><noscript><a href=\"http:\/\/www.cleverreach.de\">www.CleverReach.de<\/a><span id=\"mce_marker\" data-mce-type=\"bookmark\" data-mce-fragment=\"1\">\u200b<\/span><\/noscript><\/p>\n<\/div>\n<\/form>\n","protected":false},"excerpt":{"rendered":"<p>\u0422\u044b \u043c\u043e\u0436\u0435\u0448\u044c \u0441\u0432\u044f\u0437\u0430\u0442\u044c\u0441\u044f \u0441 \u043d\u0430\u043c\u0438 \u0447\u0435\u0440\u0435\u0437 \u0441\u043b\u0435\u0434\u0443\u044e\u0449\u0438\u0435 \u043a\u0430\u043d\u0430\u043b\u044b. \u041c\u044b \u043e\u0442\u0432\u0435\u0442\u0438\u043c \u0432 \u0442\u0435\u0447\u0435\u043d\u0438\u0435 48 \u0447\u0430\u0441\u043e\u0432. WhatsApp +49 1573 5996595 SMS +49 1573 5996595 \u0413\u043e\u043b\u043e\u0441\u043e\u0432\u043e\u0435 \u0441\u043e\u043e\u0431\u0449\u0435\u043d\u0438\u0435 +49 30 233 213 00 \u042d\u043b. \u043f\u043e\u0447\u0442\u0430 info@life-initiative.org \u0427\u0435\u0440\u0435\u0437 \u043d\u0430\u0448\u0443 \u043a\u043e\u043d\u0442\u0430\u043a\u0442\u043d\u0443\u044e \u0444\u043e\u0440\u043c\u0443 \u0412\u043e\u043f\u0440\u043e\u0441\u044b \u043e \u043f\u043e\u0436\u0435\u0440\u0442\u0432\u043e\u0432\u0430\u043d\u0438\u044f\u0445 \u0438\u043b\u0438 \u0447\u043b\u0435\u043d\u0441\u0442\u0432\u0435 \u043f\u043e \u044d\u043b\u0435\u043a\u0442\u0440\u043e\u043d\u043d\u043e\u0439 \u043f\u043e\u0447\u0442\u0435: office@life-initiative.org \u0412\u043e\u043f\u0440\u043e\u0441\u044b \u043e \u0432\u043e\u043b\u043e\u043d\u0442\u0435\u0440\u0441\u0442\u0432\u0435 \u043f\u043e \u044d\u043b\u0435\u043a\u0442\u0440\u043e\u043d\u043d\u043e\u0439 \u043f\u043e\u0447\u0442\u0435: jobs@life-initiative.org \u0418\u043d\u0444\u043e\u0440\u043c\u0430\u0446\u0438\u044f \u043e \u0437\u0430\u0449\u0438\u0442\u0435 [&hellip;]<\/p>\n","protected":false},"author":1,"featured_media":0,"parent":0,"menu_order":0,"comment_status":"closed","ping_status":"closed","template":"","meta":{"footnotes":""},"class_list":["post-3527","page","type-page","status-publish","hentry"],"yoast_head":"<!-- This site is optimized with the Yoast SEO plugin v27.3 - https:\/\/yoast.com\/product\/yoast-seo-wordpress\/ -->\n<title>Nimm Kontakt mit uns auf! | LIFE Initiaitive<\/title>\n<meta name=\"description\" content=\"Du kannst \u00fcber Kan\u00e4le wie WhatsApp, Telegram oder Mail mit uns Kontakt aufnehmen. Wir antworten nach sp\u00e4testens 48 Stunden.\" \/>\n<meta name=\"robots\" content=\"index, follow, max-snippet:-1, max-image-preview:large, max-video-preview:-1\" \/>\n<link rel=\"canonical\" href=\"https:\/\/life-initiative.org\/ru\/kontakt\/\" \/>\n<meta property=\"og:locale\" content=\"ru_RU\" \/>\n<meta property=\"og:type\" content=\"article\" \/>\n<meta property=\"og:title\" content=\"Nimm Kontakt mit uns auf! | LIFE Initiaitive\" \/>\n<meta property=\"og:description\" content=\"Du kannst \u00fcber Kan\u00e4le wie WhatsApp, Telegram oder Mail mit uns Kontakt aufnehmen. Wir antworten nach sp\u00e4testens 48 Stunden.\" \/>\n<meta property=\"og:url\" content=\"https:\/\/life-initiative.org\/ru\/kontakt\/\" \/>\n<meta property=\"og:site_name\" content=\"LIFE Initiative\" \/>\n<meta property=\"article:publisher\" content=\"https:\/\/www.facebook.com\/LIFE.Social.Coaching\" \/>\n<meta property=\"article:modified_time\" content=\"2024-11-01T14:09:03+00:00\" \/>\n<meta property=\"og:image\" content=\"https:\/\/life-initiative.org\/wp-content\/uploads\/2023\/03\/whatsapp-button-300x104.png\" \/>\n<meta name=\"twitter:card\" content=\"summary_large_image\" \/>\n<meta name=\"twitter:label1\" content=\"\u041f\u0440\u0438\u043c\u0435\u0440\u043d\u043e\u0435 \u0432\u0440\u0435\u043c\u044f \u0434\u043b\u044f \u0447\u0442\u0435\u043d\u0438\u044f\" \/>\n\t<meta name=\"twitter:data1\" content=\"1 \u043c\u0438\u043d\u0443\u0442\u0430\" \/>\n<script type=\"application\/ld+json\" class=\"yoast-schema-graph\">{\"@context\":\"https:\\\/\\\/schema.org\",\"@graph\":[{\"@type\":\"WebPage\",\"@id\":\"https:\\\/\\\/life-initiative.org\\\/ru\\\/kontakt\\\/\",\"url\":\"https:\\\/\\\/life-initiative.org\\\/ru\\\/kontakt\\\/\",\"name\":\"Nimm Kontakt mit uns auf! | LIFE Initiaitive\",\"isPartOf\":{\"@id\":\"https:\\\/\\\/life-initiative.org\\\/ru\\\/#website\"},\"primaryImageOfPage\":{\"@id\":\"https:\\\/\\\/life-initiative.org\\\/ru\\\/kontakt\\\/#primaryimage\"},\"image\":{\"@id\":\"https:\\\/\\\/life-initiative.org\\\/ru\\\/kontakt\\\/#primaryimage\"},\"thumbnailUrl\":\"https:\\\/\\\/life-initiative.org\\\/wp-content\\\/uploads\\\/2023\\\/03\\\/whatsapp-button-300x104.png\",\"datePublished\":\"2022-07-20T14:56:56+00:00\",\"dateModified\":\"2024-11-01T14:09:03+00:00\",\"description\":\"Du kannst \u00fcber Kan\u00e4le wie WhatsApp, Telegram oder Mail mit uns Kontakt aufnehmen. Wir antworten nach sp\u00e4testens 48 Stunden.\",\"breadcrumb\":{\"@id\":\"https:\\\/\\\/life-initiative.org\\\/ru\\\/kontakt\\\/#breadcrumb\"},\"inLanguage\":\"ru-RU\",\"potentialAction\":[{\"@type\":\"ReadAction\",\"target\":[\"https:\\\/\\\/life-initiative.org\\\/ru\\\/kontakt\\\/\"]}]},{\"@type\":\"ImageObject\",\"inLanguage\":\"ru-RU\",\"@id\":\"https:\\\/\\\/life-initiative.org\\\/ru\\\/kontakt\\\/#primaryimage\",\"url\":\"https:\\\/\\\/life-initiative.org\\\/wp-content\\\/uploads\\\/2023\\\/03\\\/whatsapp-button-300x104.png\",\"contentUrl\":\"https:\\\/\\\/life-initiative.org\\\/wp-content\\\/uploads\\\/2023\\\/03\\\/whatsapp-button-300x104.png\"},{\"@type\":\"BreadcrumbList\",\"@id\":\"https:\\\/\\\/life-initiative.org\\\/ru\\\/kontakt\\\/#breadcrumb\",\"itemListElement\":[{\"@type\":\"ListItem\",\"position\":1,\"name\":\"Startseite\",\"item\":\"https:\\\/\\\/life-initiative.org\\\/ru\\\/\"},{\"@type\":\"ListItem\",\"position\":2,\"name\":\"\u0421\u0432\u044f\u0436\u0438\u0441\u044c \u0441 \u043d\u0430\u043c\u0438!\"}]},{\"@type\":\"WebSite\",\"@id\":\"https:\\\/\\\/life-initiative.org\\\/ru\\\/#website\",\"url\":\"https:\\\/\\\/life-initiative.org\\\/ru\\\/\",\"name\":\"LIFE Initiative\",\"description\":\"\",\"publisher\":{\"@id\":\"https:\\\/\\\/life-initiative.org\\\/ru\\\/#organization\"},\"potentialAction\":[{\"@type\":\"SearchAction\",\"target\":{\"@type\":\"EntryPoint\",\"urlTemplate\":\"https:\\\/\\\/life-initiative.org\\\/ru\\\/?s={search_term_string}\"},\"query-input\":{\"@type\":\"PropertyValueSpecification\",\"valueRequired\":true,\"valueName\":\"search_term_string\"}}],\"inLanguage\":\"ru-RU\"},{\"@type\":\"Organization\",\"@id\":\"https:\\\/\\\/life-initiative.org\\\/ru\\\/#organization\",\"name\":\"LIFE Initiative\",\"url\":\"https:\\\/\\\/life-initiative.org\\\/ru\\\/\",\"logo\":{\"@type\":\"ImageObject\",\"inLanguage\":\"ru-RU\",\"@id\":\"https:\\\/\\\/life-initiative.org\\\/ru\\\/#\\\/schema\\\/logo\\\/image\\\/\",\"url\":\"https:\\\/\\\/life-initiative.org\\\/wp-content\\\/uploads\\\/2023\\\/03\\\/cropped-life_logo.png\",\"contentUrl\":\"https:\\\/\\\/life-initiative.org\\\/wp-content\\\/uploads\\\/2023\\\/03\\\/cropped-life_logo.png\",\"width\":849,\"height\":411,\"caption\":\"LIFE Initiative\"},\"image\":{\"@id\":\"https:\\\/\\\/life-initiative.org\\\/ru\\\/#\\\/schema\\\/logo\\\/image\\\/\"},\"sameAs\":[\"https:\\\/\\\/www.facebook.com\\\/LIFE.Social.Coaching\",\"https:\\\/\\\/www.linkedin.com\\\/company\\\/life-initiative\\\/\",\"https:\\\/\\\/www.instagram.com\\\/LIFE.Social.Coaching\\\/\"]}]}<\/script>\n<!-- \/ Yoast SEO plugin. -->","yoast_head_json":{"title":"Nimm Kontakt mit uns auf! | LIFE Initiaitive","description":"Du kannst \u00fcber Kan\u00e4le wie WhatsApp, Telegram oder Mail mit uns Kontakt aufnehmen. Wir antworten nach sp\u00e4testens 48 Stunden.","robots":{"index":"index","follow":"follow","max-snippet":"max-snippet:-1","max-image-preview":"max-image-preview:large","max-video-preview":"max-video-preview:-1"},"canonical":"https:\/\/life-initiative.org\/ru\/kontakt\/","og_locale":"ru_RU","og_type":"article","og_title":"Nimm Kontakt mit uns auf! | LIFE Initiaitive","og_description":"Du kannst \u00fcber Kan\u00e4le wie WhatsApp, Telegram oder Mail mit uns Kontakt aufnehmen. Wir antworten nach sp\u00e4testens 48 Stunden.","og_url":"https:\/\/life-initiative.org\/ru\/kontakt\/","og_site_name":"LIFE Initiative","article_publisher":"https:\/\/www.facebook.com\/LIFE.Social.Coaching","article_modified_time":"2024-11-01T14:09:03+00:00","og_image":[{"url":"https:\/\/life-initiative.org\/wp-content\/uploads\/2023\/03\/whatsapp-button-300x104.png","type":"","width":"","height":""}],"twitter_card":"summary_large_image","twitter_misc":{"\u041f\u0440\u0438\u043c\u0435\u0440\u043d\u043e\u0435 \u0432\u0440\u0435\u043c\u044f \u0434\u043b\u044f \u0447\u0442\u0435\u043d\u0438\u044f":"1 \u043c\u0438\u043d\u0443\u0442\u0430"},"schema":{"@context":"https:\/\/schema.org","@graph":[{"@type":"WebPage","@id":"https:\/\/life-initiative.org\/ru\/kontakt\/","url":"https:\/\/life-initiative.org\/ru\/kontakt\/","name":"Nimm Kontakt mit uns auf! | LIFE Initiaitive","isPartOf":{"@id":"https:\/\/life-initiative.org\/ru\/#website"},"primaryImageOfPage":{"@id":"https:\/\/life-initiative.org\/ru\/kontakt\/#primaryimage"},"image":{"@id":"https:\/\/life-initiative.org\/ru\/kontakt\/#primaryimage"},"thumbnailUrl":"https:\/\/life-initiative.org\/wp-content\/uploads\/2023\/03\/whatsapp-button-300x104.png","datePublished":"2022-07-20T14:56:56+00:00","dateModified":"2024-11-01T14:09:03+00:00","description":"Du kannst \u00fcber Kan\u00e4le wie WhatsApp, Telegram oder Mail mit uns Kontakt aufnehmen. Wir antworten nach sp\u00e4testens 48 Stunden.","breadcrumb":{"@id":"https:\/\/life-initiative.org\/ru\/kontakt\/#breadcrumb"},"inLanguage":"ru-RU","potentialAction":[{"@type":"ReadAction","target":["https:\/\/life-initiative.org\/ru\/kontakt\/"]}]},{"@type":"ImageObject","inLanguage":"ru-RU","@id":"https:\/\/life-initiative.org\/ru\/kontakt\/#primaryimage","url":"https:\/\/life-initiative.org\/wp-content\/uploads\/2023\/03\/whatsapp-button-300x104.png","contentUrl":"https:\/\/life-initiative.org\/wp-content\/uploads\/2023\/03\/whatsapp-button-300x104.png"},{"@type":"BreadcrumbList","@id":"https:\/\/life-initiative.org\/ru\/kontakt\/#breadcrumb","itemListElement":[{"@type":"ListItem","position":1,"name":"Startseite","item":"https:\/\/life-initiative.org\/ru\/"},{"@type":"ListItem","position":2,"name":"\u0421\u0432\u044f\u0436\u0438\u0441\u044c \u0441 \u043d\u0430\u043c\u0438!"}]},{"@type":"WebSite","@id":"https:\/\/life-initiative.org\/ru\/#website","url":"https:\/\/life-initiative.org\/ru\/","name":"LIFE Initiative","description":"","publisher":{"@id":"https:\/\/life-initiative.org\/ru\/#organization"},"potentialAction":[{"@type":"SearchAction","target":{"@type":"EntryPoint","urlTemplate":"https:\/\/life-initiative.org\/ru\/?s={search_term_string}"},"query-input":{"@type":"PropertyValueSpecification","valueRequired":true,"valueName":"search_term_string"}}],"inLanguage":"ru-RU"},{"@type":"Organization","@id":"https:\/\/life-initiative.org\/ru\/#organization","name":"LIFE Initiative","url":"https:\/\/life-initiative.org\/ru\/","logo":{"@type":"ImageObject","inLanguage":"ru-RU","@id":"https:\/\/life-initiative.org\/ru\/#\/schema\/logo\/image\/","url":"https:\/\/life-initiative.org\/wp-content\/uploads\/2023\/03\/cropped-life_logo.png","contentUrl":"https:\/\/life-initiative.org\/wp-content\/uploads\/2023\/03\/cropped-life_logo.png","width":849,"height":411,"caption":"LIFE Initiative"},"image":{"@id":"https:\/\/life-initiative.org\/ru\/#\/schema\/logo\/image\/"},"sameAs":["https:\/\/www.facebook.com\/LIFE.Social.Coaching","https:\/\/www.linkedin.com\/company\/life-initiative\/","https:\/\/www.instagram.com\/LIFE.Social.Coaching\/"]}]}},"_links":{"self":[{"href":"https:\/\/life-initiative.org\/ru\/wp-json\/wp\/v2\/pages\/3527","targetHints":{"allow":["GET"]}}],"collection":[{"href":"https:\/\/life-initiative.org\/ru\/wp-json\/wp\/v2\/pages"}],"about":[{"href":"https:\/\/life-initiative.org\/ru\/wp-json\/wp\/v2\/types\/page"}],"author":[{"embeddable":true,"href":"https:\/\/life-initiative.org\/ru\/wp-json\/wp\/v2\/users\/1"}],"replies":[{"embeddable":true,"href":"https:\/\/life-initiative.org\/ru\/wp-json\/wp\/v2\/comments?post=3527"}],"version-history":[{"count":5,"href":"https:\/\/life-initiative.org\/ru\/wp-json\/wp\/v2\/pages\/3527\/revisions"}],"predecessor-version":[{"id":3752,"href":"https:\/\/life-initiative.org\/ru\/wp-json\/wp\/v2\/pages\/3527\/revisions\/3752"}],"wp:attachment":[{"href":"https:\/\/life-initiative.org\/ru\/wp-json\/wp\/v2\/media?parent=3527"}],"curies":[{"name":"wp","href":"https:\/\/api.w.org\/{rel}","templated":true}]}}