{"id":3530,"date":"2022-07-20T16:56:56","date_gmt":"2022-07-20T14:56:56","guid":{"rendered":"https:\/\/life-initiative.org\/?page_id=3530"},"modified":"2024-11-20T11:31:49","modified_gmt":"2024-11-20T10:31:49","slug":"kontakt","status":"publish","type":"page","link":"https:\/\/life-initiative.org\/ar\/kontakt\/","title":{"rendered":"\u062a\u0648\u0627\u0635\u0644 \u0645\u0639\u0646\u0627"},"content":{"rendered":"<p>\u064a\u0645\u0643\u0646\u0643 \u0627\u0644\u062a\u0648\u0627\u0635\u0644 \u0645\u0639\u0646\u0627 \u0639\u0628\u0631 \u0627\u0644\u0642\u0646\u0648\u0627\u062a \u0627\u0644\u062a\u0627\u0644\u064a\u0629. \u0633\u0646\u0631\u062f \u0639\u0644\u064a\u0643 \u0641\u064a \u063a\u0636\u0648\u0646 <span style=\"color: #ff9400;\"><strong>48 \u0633\u0627\u0639\u0629<\/strong><\/span> \u0643\u062d\u062f \u0623\u0642\u0635\u0649.<\/p>\n<p><a class=\"button2\" href=\"&quot;https:\/\/wa.me\/4915735996595\">\u0648\u0627\u062a\u0633\u0627\u0628<\/a> <a href=\"https:\/\/wa.me\/4915735996595\"><span dir=\"ltr\">+49 1573 5996595<\/span><\/a><\/p>\n<p><a class=\"button2\" href=\"&quot;sms:\/\/+4915735996595\">\u0631\u0633\u0627\u0644\u0629 \u0646\u0635\u064a\u0629<\/a> <a href=\"sms:\/\/+4915735996595\"><span dir=\"ltr\">+49 1573 5996595<\/span><\/a><\/p>\n<p><a class=\"button2\" href=\"&quot;tel:+493023321300\">\u0631\u0633\u0627\u0644\u0629 \u0635\u0648\u062a\u064a\u0629<\/a> <a href=\"tel:+493023321300\"><span dir=\"ltr\">+49 30 233 213 00<\/span><\/a><\/p>\n<p><a class=\"button2\" href=\"mailto:info@life-initiative.org\">\u0627\u0644\u0628\u0631\u064a\u062f \u0627\u0644\u0625\u0644\u0643\u062a\u0631\u0648\u0646\u064a<\/a> <a href=\"mailto:info@life-initiative.org\">info@life-initiative.org<\/a><\/p>\n<p><a href=\"https:\/\/wa.me\/4915735996595\"><img loading=\"lazy\" decoding=\"async\" class=\"wp-image-654 alignnone\" src=\"https:\/\/life-initiative.org\/wp-content\/uploads\/2023\/03\/whatsapp-button-300x104.png\" alt=\"\" width=\"202\" height=\"70\" srcset=\"https:\/\/life-initiative.org\/wp-content\/uploads\/2023\/03\/whatsapp-button-300x104.png 300w, https:\/\/life-initiative.org\/wp-content\/uploads\/2023\/03\/whatsapp-button-18x6.png 18w, https:\/\/life-initiative.org\/wp-content\/uploads\/2023\/03\/whatsapp-button.png 738w\" sizes=\"auto, (max-width: 202px) 100vw, 202px\" \/><\/a><\/p>\n<p><span style=\"color: #ff9400;\"><strong>\u0639\u0628\u0631 \u0646\u0645\u0648\u0630\u062c \u0627\u0644\u0627\u062a\u0635\u0627\u0644 \u0627\u0644\u062e\u0627\u0635 \u0628\u0646\u0627<\/strong><\/span><\/p>\n\n<div class=\"wpcf7 no-js\" id=\"wpcf7-f3700-o1\" lang=\"de-DE\" dir=\"ltr\" data-wpcf7-id=\"3700\">\n<div class=\"screen-reader-response\"><p role=\"status\" aria-live=\"polite\" aria-atomic=\"true\"><\/p> <ul><\/ul><\/div>\n<form action=\"\/ar\/wp-json\/wp\/v2\/pages\/3530#wpcf7-f3700-o1\" method=\"post\" class=\"wpcf7-form init\" aria-label=\"Kontaktformular\" novalidate=\"novalidate\" data-status=\"init\">\n<fieldset class=\"hidden-fields-container\"><input type=\"hidden\" name=\"_wpcf7\" value=\"3700\" \/><input type=\"hidden\" name=\"_wpcf7_version\" value=\"6.1.5\" \/><input type=\"hidden\" name=\"_wpcf7_locale\" value=\"de_DE\" \/><input type=\"hidden\" name=\"_wpcf7_unit_tag\" value=\"wpcf7-f3700-o1\" \/><input type=\"hidden\" name=\"_wpcf7_container_post\" value=\"0\" \/><input type=\"hidden\" name=\"_wpcf7_posted_data_hash\" value=\"\" \/><input type=\"hidden\" name=\"_wpcf7_recaptcha_response\" value=\"\" \/>\n<\/fieldset>\n<p><label> \u0627\u0644\u0627\u0633\u0645 (\u0627\u062e\u062a\u064a\u0627\u0631\u064a)<br \/>\n<span class=\"wpcf7-form-control-wrap\" data-name=\"your-name\"><input size=\"40\" maxlength=\"400\" class=\"wpcf7-form-control wpcf7-text\" aria-invalid=\"false\" value=\"\" type=\"text\" name=\"your-name\" \/><\/span> <\/label>\n<\/p>\n<p><label> \u0627\u0644\u0628\u0631\u064a\u062f \u0627\u0644\u0625\u0644\u0643\u062a\u0631\u0648\u0646\u064a (\u0645\u0639\u0644\u0648\u0645\u0627\u062a \u062a\u0637\u0648\u0639\u064a\u0629)<br \/>\n<span class=\"wpcf7-form-control-wrap\" data-name=\"your-email\"><input size=\"40\" maxlength=\"400\" class=\"wpcf7-form-control wpcf7-email wpcf7-text wpcf7-validates-as-email\" aria-invalid=\"false\" value=\"\" type=\"email\" name=\"your-email\" \/><\/span> <\/label>\n<\/p>\n<p><label> \u0631\u0642\u0645 \u0627\u0644\u0647\u0627\u062a\u0641 (\u0645\u0637\u0644\u0648\u0628 \u062d\u062a\u0649 \u0646\u062a\u0645\u0643\u0646 \u0645\u0646 \u0645\u0639\u0627\u0648\u062f\u0629 \u0627\u0644\u0627\u062a\u0635\u0627\u0644 \u0628\u0643)<br \/>\n<span class=\"wpcf7-form-control-wrap\" data-name=\"tel-605\"><input size=\"40\" maxlength=\"400\" class=\"wpcf7-form-control wpcf7-tel wpcf7-validates-as-required wpcf7-text wpcf7-validates-as-tel\" aria-required=\"true\" aria-invalid=\"false\" value=\"\" type=\"tel\" name=\"tel-605\" \/><\/span> <\/label>\n<\/p>\n<p><label> \u0648\u0635\u0641 \u0627\u0644\u0645\u0634\u0643\u0644\u0629 \u0627\u0644\u062a\u064a \u062a\u0628\u062d\u062b \u0639\u0646 \u0645\u0633\u0627\u0639\u062f\u0629 \u0628\u0634\u0623\u0646\u0647\u0627 (\u0627\u0644\u0645\u0639\u0644\u0648\u0645\u0627\u062a \u0627\u0644\u0645\u0637\u0644\u0648\u0628\u0629)<br \/>\n<span class=\"wpcf7-form-control-wrap\" data-name=\"your-message\"><textarea cols=\"40\" rows=\"10\" maxlength=\"2000\" class=\"wpcf7-form-control wpcf7-textarea wpcf7-validates-as-required\" aria-required=\"true\" aria-invalid=\"false\" name=\"your-message\"><\/textarea><\/span> <\/label>\n<\/p>\n<p><label> \u0645\u0627 \u0647\u064a \u0627\u0644\u0644\u063a\u0629 \u0627\u0644\u062a\u064a \u064a\u062c\u0628 \u0623\u0646 \u0646\u062e\u0627\u0637\u0628\u0643 \u0628\u0647\u0627\u061f<br \/>\n<span class=\"wpcf7-form-control-wrap\" data-name=\"radio-327\"><span class=\"wpcf7-form-control wpcf7-radio\"><span class=\"wpcf7-list-item first\"><label><input type=\"radio\" name=\"radio-327\" value=\"\u0623\u0644\u0645\u0627\u0646\u064a\" checked=\"checked\" \/><span class=\"wpcf7-list-item-label\">\u0623\u0644\u0645\u0627\u0646\u064a<\/span><\/label><\/span><span class=\"wpcf7-list-item\"><label><input type=\"radio\" name=\"radio-327\" value=\"\u0625\u0646\u062c\u0644\u064a\u0632\u064a\" \/><span class=\"wpcf7-list-item-label\">\u0625\u0646\u062c\u0644\u064a\u0632\u064a<\/span><\/label><\/span><span class=\"wpcf7-list-item last\"><label><input type=\"radio\" name=\"radio-327\" value=\"\u0644\u063a\u0629 \u0623\u062e\u0631\u0649\" \/><span class=\"wpcf7-list-item-label\">\u0644\u063a\u0629 \u0623\u062e\u0631\u0649<\/span><\/label><\/span><\/span><\/span> <span class=\"wpcf7-form-control-wrap\" data-name=\"your-language\"><input size=\"40\" maxlength=\"400\" class=\"wpcf7-form-control wpcf7-text\" aria-invalid=\"false\" value=\"\" type=\"text\" name=\"your-language\" \/><\/span> <\/label>\n<\/p>\n\n<p><input class=\"wpcf7-form-control wpcf7-submit has-spinner\" type=\"submit\" value=\"Senden\" \/>\n<\/p><div class=\"wpcf7-response-output\" aria-hidden=\"true\"><\/div>\n<\/form>\n<\/div>\n\n<hr \/>\n<p><a class=\"button2\" href=\"mailto:office@life-initiative.org\">\u0623\u0633\u0626\u0644\u0629 \u062d\u0648\u0644 \u0627\u0644\u062a\u0628\u0631\u0639\u0627\u062a \u0623\u0648 \u0627\u0644\u0639\u0636\u0648\u064a\u0629<\/a><\/p>\n<p>\u0639\u0628\u0631 \u0627\u0644\u0628\u0631\u064a\u062f \u0627\u0644\u0625\u0644\u0643\u062a\u0631\u0648\u0646\u064a: office@life-initiative.org<\/p>\n<p><a class=\"button2\" href=\"mailto:jobs@life-initiative.org\">\u0623\u0633\u0626\u0644\u0629 \u062d\u0648\u0644 \u0627\u0644\u062a\u0637\u0648\u0639<\/a><\/p>\n<p>\u0639\u0628\u0631 \u0627\u0644\u0628\u0631\u064a\u062f \u0627\u0644\u0625\u0644\u0643\u062a\u0631\u0648\u0646\u064a: jobs@life-initiative.org<\/p>\n<h4><span style=\"color: #000000;\">\u0645\u0639\u0644\u0648\u0645\u0627\u062a \u062d\u0648\u0644 \u062d\u0645\u0627\u064a\u0629 \u0627\u0644\u0628\u064a\u0627\u0646\u0627\u062a<\/span><\/h4>\n<p>\u0639\u0646\u062f \u062a\u0648\u0627\u0635\u0644\u0643 \u0645\u0639 LIFE-Initiative e.V., Oranienstra\u00dfe 203, 10999 Berlin\u060c \u0646\u0642\u0648\u0645 \u0628\u0645\u0639\u0627\u0644\u062c\u0629 \u0627\u0644\u0628\u064a\u0627\u0646\u0627\u062a \u0627\u0644\u0634\u062e\u0635\u064a\u0629 \u0627\u0644\u062a\u064a \u062a\u0631\u0633\u0644\u0647\u0627 \u0625\u0644\u064a\u0646\u0627 \u0645\u0646 \u0623\u062c\u0644 \u0627\u0644\u062a\u0639\u0627\u0645\u0644 \u0645\u0639 \u0627\u0633\u062a\u0641\u0633\u0627\u0631\u0643 \u0648\u0641\u0642\u064b\u0627 \u0644\u0633\u064a\u0627\u0633\u0629 \u0627\u0644\u062e\u0635\u0648\u0635\u064a\u0629 \u0627\u0644\u062e\u0627\u0635\u0629 \u0628\u0646\u0627 \u0639\u0644\u0649 \u0627\u0644\u0631\u0627\u0628\u0637 \u0627\u0644\u062a\u0627\u0644\u064a:<br \/>\n<a href=\"https:\/\/www.life-initiative.org\/datenschutz\">https:\/\/www.life-initiative.org\/datenschutz<\/a><\/p>\n<form class=\"layout_form cr_form cr_font\" action=\"https:\/\/seu2.cleverreach.com\/f\/355812-360214\/wcs\/\" method=\"post\" target=\"_blank\">\n<div class=\"cr_body cr_page cr_font formbox\"><noscript><a href=\"http:\/\/www.cleverreach.de\">www.CleverReach.de<\/a><span id=\"mce_marker\" data-mce-type=\"bookmark\" data-mce-fragment=\"1\">\u200b<\/span><\/noscript><\/div>\n<\/form>\n","protected":false},"excerpt":{"rendered":"<p>\u064a\u0645\u0643\u0646\u0643 \u0627\u0644\u062a\u0648\u0627\u0635\u0644 \u0645\u0639\u0646\u0627 \u0639\u0628\u0631 \u0627\u0644\u0642\u0646\u0648\u0627\u062a \u0627\u0644\u062a\u0627\u0644\u064a\u0629. \u0633\u0646\u0631\u062f \u0639\u0644\u064a\u0643 \u0641\u064a \u063a\u0636\u0648\u0646 48 \u0633\u0627\u0639\u0629 \u0643\u062d\u062f \u0623\u0642\u0635\u0649. \u0648\u0627\u062a\u0633\u0627\u0628 +49 1573 5996595 \u0631\u0633\u0627\u0644\u0629 \u0646\u0635\u064a\u0629 +49 1573 5996595 \u0631\u0633\u0627\u0644\u0629 \u0635\u0648\u062a\u064a\u0629 +49 30 233 213 00 \u0627\u0644\u0628\u0631\u064a\u062f \u0627\u0644\u0625\u0644\u0643\u062a\u0631\u0648\u0646\u064a info@life-initiative.org \u0639\u0628\u0631 \u0646\u0645\u0648\u0630\u062c \u0627\u0644\u0627\u062a\u0635\u0627\u0644 \u0627\u0644\u062e\u0627\u0635 \u0628\u0646\u0627 \u0623\u0633\u0626\u0644\u0629 \u062d\u0648\u0644 \u0627\u0644\u062a\u0628\u0631\u0639\u0627\u062a \u0623\u0648 \u0627\u0644\u0639\u0636\u0648\u064a\u0629 \u0639\u0628\u0631 \u0627\u0644\u0628\u0631\u064a\u062f \u0627\u0644\u0625\u0644\u0643\u062a\u0631\u0648\u0646\u064a: office@life-initiative.org \u0623\u0633\u0626\u0644\u0629 \u062d\u0648\u0644 \u0627\u0644\u062a\u0637\u0648\u0639 \u0639\u0628\u0631 \u0627\u0644\u0628\u0631\u064a\u062f \u0627\u0644\u0625\u0644\u0643\u062a\u0631\u0648\u0646\u064a: jobs@life-initiative.org \u0645\u0639\u0644\u0648\u0645\u0627\u062a [&hellip;]<\/p>\n","protected":false},"author":1,"featured_media":0,"parent":0,"menu_order":0,"comment_status":"closed","ping_status":"closed","template":"","meta":{"footnotes":""},"class_list":["post-3530","page","type-page","status-publish","hentry"],"yoast_head":"<!-- This site is optimized with the Yoast SEO plugin v27.3 - https:\/\/yoast.com\/product\/yoast-seo-wordpress\/ -->\n<title>Nimm Kontakt mit uns auf! | LIFE Initiaitive<\/title>\n<meta name=\"description\" content=\"Du kannst \u00fcber Kan\u00e4le wie WhatsApp, Telegram oder Mail mit uns Kontakt aufnehmen. Wir antworten nach sp\u00e4testens 48 Stunden.\" \/>\n<meta name=\"robots\" content=\"index, follow, max-snippet:-1, max-image-preview:large, max-video-preview:-1\" \/>\n<link rel=\"canonical\" href=\"https:\/\/life-initiative.org\/ar\/kontakt\/\" \/>\n<meta property=\"og:locale\" content=\"ar_AR\" \/>\n<meta property=\"og:type\" content=\"article\" \/>\n<meta property=\"og:title\" content=\"Nimm Kontakt mit uns auf! | LIFE Initiaitive\" \/>\n<meta property=\"og:description\" content=\"Du kannst \u00fcber Kan\u00e4le wie WhatsApp, Telegram oder Mail mit uns Kontakt aufnehmen. Wir antworten nach sp\u00e4testens 48 Stunden.\" \/>\n<meta property=\"og:url\" content=\"https:\/\/life-initiative.org\/ar\/kontakt\/\" \/>\n<meta property=\"og:site_name\" content=\"LIFE Initiative\" \/>\n<meta property=\"article:publisher\" content=\"https:\/\/www.facebook.com\/LIFE.Social.Coaching\" \/>\n<meta property=\"article:modified_time\" content=\"2024-11-20T10:31:49+00:00\" \/>\n<meta property=\"og:image\" content=\"https:\/\/life-initiative.org\/wp-content\/uploads\/2023\/03\/whatsapp-button-300x104.png\" \/>\n<meta name=\"twitter:card\" content=\"summary_large_image\" \/>\n<meta name=\"twitter:label1\" content=\"\u0648\u0642\u062a \u0627\u0644\u0642\u0631\u0627\u0621\u0629 \u0627\u0644\u0645\u064f\u0642\u062f\u0651\u0631\" \/>\n\t<meta name=\"twitter:data1\" content=\"1 \u062f\u0642\u064a\u0642\u0629\" \/>\n<script type=\"application\/ld+json\" class=\"yoast-schema-graph\">{\"@context\":\"https:\\\/\\\/schema.org\",\"@graph\":[{\"@type\":\"WebPage\",\"@id\":\"https:\\\/\\\/life-initiative.org\\\/ar\\\/kontakt\\\/\",\"url\":\"https:\\\/\\\/life-initiative.org\\\/ar\\\/kontakt\\\/\",\"name\":\"Nimm Kontakt mit uns auf! | LIFE Initiaitive\",\"isPartOf\":{\"@id\":\"https:\\\/\\\/life-initiative.org\\\/ar\\\/#website\"},\"primaryImageOfPage\":{\"@id\":\"https:\\\/\\\/life-initiative.org\\\/ar\\\/kontakt\\\/#primaryimage\"},\"image\":{\"@id\":\"https:\\\/\\\/life-initiative.org\\\/ar\\\/kontakt\\\/#primaryimage\"},\"thumbnailUrl\":\"https:\\\/\\\/life-initiative.org\\\/wp-content\\\/uploads\\\/2023\\\/03\\\/whatsapp-button-300x104.png\",\"datePublished\":\"2022-07-20T14:56:56+00:00\",\"dateModified\":\"2024-11-20T10:31:49+00:00\",\"description\":\"Du kannst \u00fcber Kan\u00e4le wie WhatsApp, Telegram oder Mail mit uns Kontakt aufnehmen. Wir antworten nach sp\u00e4testens 48 Stunden.\",\"breadcrumb\":{\"@id\":\"https:\\\/\\\/life-initiative.org\\\/ar\\\/kontakt\\\/#breadcrumb\"},\"inLanguage\":\"ar\",\"potentialAction\":[{\"@type\":\"ReadAction\",\"target\":[\"https:\\\/\\\/life-initiative.org\\\/ar\\\/kontakt\\\/\"]}]},{\"@type\":\"ImageObject\",\"inLanguage\":\"ar\",\"@id\":\"https:\\\/\\\/life-initiative.org\\\/ar\\\/kontakt\\\/#primaryimage\",\"url\":\"https:\\\/\\\/life-initiative.org\\\/wp-content\\\/uploads\\\/2023\\\/03\\\/whatsapp-button-300x104.png\",\"contentUrl\":\"https:\\\/\\\/life-initiative.org\\\/wp-content\\\/uploads\\\/2023\\\/03\\\/whatsapp-button-300x104.png\"},{\"@type\":\"BreadcrumbList\",\"@id\":\"https:\\\/\\\/life-initiative.org\\\/ar\\\/kontakt\\\/#breadcrumb\",\"itemListElement\":[{\"@type\":\"ListItem\",\"position\":1,\"name\":\"Startseite\",\"item\":\"https:\\\/\\\/life-initiative.org\\\/ar\\\/\"},{\"@type\":\"ListItem\",\"position\":2,\"name\":\"\u062a\u0648\u0627\u0635\u0644 \u0645\u0639\u0646\u0627\"}]},{\"@type\":\"WebSite\",\"@id\":\"https:\\\/\\\/life-initiative.org\\\/ar\\\/#website\",\"url\":\"https:\\\/\\\/life-initiative.org\\\/ar\\\/\",\"name\":\"LIFE Initiative\",\"description\":\"\",\"publisher\":{\"@id\":\"https:\\\/\\\/life-initiative.org\\\/ar\\\/#organization\"},\"potentialAction\":[{\"@type\":\"SearchAction\",\"target\":{\"@type\":\"EntryPoint\",\"urlTemplate\":\"https:\\\/\\\/life-initiative.org\\\/ar\\\/?s={search_term_string}\"},\"query-input\":{\"@type\":\"PropertyValueSpecification\",\"valueRequired\":true,\"valueName\":\"search_term_string\"}}],\"inLanguage\":\"ar\"},{\"@type\":\"Organization\",\"@id\":\"https:\\\/\\\/life-initiative.org\\\/ar\\\/#organization\",\"name\":\"LIFE Initiative\",\"url\":\"https:\\\/\\\/life-initiative.org\\\/ar\\\/\",\"logo\":{\"@type\":\"ImageObject\",\"inLanguage\":\"ar\",\"@id\":\"https:\\\/\\\/life-initiative.org\\\/ar\\\/#\\\/schema\\\/logo\\\/image\\\/\",\"url\":\"https:\\\/\\\/life-initiative.org\\\/wp-content\\\/uploads\\\/2023\\\/03\\\/cropped-life_logo.png\",\"contentUrl\":\"https:\\\/\\\/life-initiative.org\\\/wp-content\\\/uploads\\\/2023\\\/03\\\/cropped-life_logo.png\",\"width\":849,\"height\":411,\"caption\":\"LIFE Initiative\"},\"image\":{\"@id\":\"https:\\\/\\\/life-initiative.org\\\/ar\\\/#\\\/schema\\\/logo\\\/image\\\/\"},\"sameAs\":[\"https:\\\/\\\/www.facebook.com\\\/LIFE.Social.Coaching\",\"https:\\\/\\\/www.linkedin.com\\\/company\\\/life-initiative\\\/\",\"https:\\\/\\\/www.instagram.com\\\/LIFE.Social.Coaching\\\/\"]}]}<\/script>\n<!-- \/ Yoast SEO plugin. -->","yoast_head_json":{"title":"Nimm Kontakt mit uns auf! | LIFE Initiaitive","description":"Du kannst \u00fcber Kan\u00e4le wie WhatsApp, Telegram oder Mail mit uns Kontakt aufnehmen. Wir antworten nach sp\u00e4testens 48 Stunden.","robots":{"index":"index","follow":"follow","max-snippet":"max-snippet:-1","max-image-preview":"max-image-preview:large","max-video-preview":"max-video-preview:-1"},"canonical":"https:\/\/life-initiative.org\/ar\/kontakt\/","og_locale":"ar_AR","og_type":"article","og_title":"Nimm Kontakt mit uns auf! | LIFE Initiaitive","og_description":"Du kannst \u00fcber Kan\u00e4le wie WhatsApp, Telegram oder Mail mit uns Kontakt aufnehmen. Wir antworten nach sp\u00e4testens 48 Stunden.","og_url":"https:\/\/life-initiative.org\/ar\/kontakt\/","og_site_name":"LIFE Initiative","article_publisher":"https:\/\/www.facebook.com\/LIFE.Social.Coaching","article_modified_time":"2024-11-20T10:31:49+00:00","og_image":[{"url":"https:\/\/life-initiative.org\/wp-content\/uploads\/2023\/03\/whatsapp-button-300x104.png","type":"","width":"","height":""}],"twitter_card":"summary_large_image","twitter_misc":{"\u0648\u0642\u062a \u0627\u0644\u0642\u0631\u0627\u0621\u0629 \u0627\u0644\u0645\u064f\u0642\u062f\u0651\u0631":"1 \u062f\u0642\u064a\u0642\u0629"},"schema":{"@context":"https:\/\/schema.org","@graph":[{"@type":"WebPage","@id":"https:\/\/life-initiative.org\/ar\/kontakt\/","url":"https:\/\/life-initiative.org\/ar\/kontakt\/","name":"Nimm Kontakt mit uns auf! | LIFE Initiaitive","isPartOf":{"@id":"https:\/\/life-initiative.org\/ar\/#website"},"primaryImageOfPage":{"@id":"https:\/\/life-initiative.org\/ar\/kontakt\/#primaryimage"},"image":{"@id":"https:\/\/life-initiative.org\/ar\/kontakt\/#primaryimage"},"thumbnailUrl":"https:\/\/life-initiative.org\/wp-content\/uploads\/2023\/03\/whatsapp-button-300x104.png","datePublished":"2022-07-20T14:56:56+00:00","dateModified":"2024-11-20T10:31:49+00:00","description":"Du kannst \u00fcber Kan\u00e4le wie WhatsApp, Telegram oder Mail mit uns Kontakt aufnehmen. Wir antworten nach sp\u00e4testens 48 Stunden.","breadcrumb":{"@id":"https:\/\/life-initiative.org\/ar\/kontakt\/#breadcrumb"},"inLanguage":"ar","potentialAction":[{"@type":"ReadAction","target":["https:\/\/life-initiative.org\/ar\/kontakt\/"]}]},{"@type":"ImageObject","inLanguage":"ar","@id":"https:\/\/life-initiative.org\/ar\/kontakt\/#primaryimage","url":"https:\/\/life-initiative.org\/wp-content\/uploads\/2023\/03\/whatsapp-button-300x104.png","contentUrl":"https:\/\/life-initiative.org\/wp-content\/uploads\/2023\/03\/whatsapp-button-300x104.png"},{"@type":"BreadcrumbList","@id":"https:\/\/life-initiative.org\/ar\/kontakt\/#breadcrumb","itemListElement":[{"@type":"ListItem","position":1,"name":"Startseite","item":"https:\/\/life-initiative.org\/ar\/"},{"@type":"ListItem","position":2,"name":"\u062a\u0648\u0627\u0635\u0644 \u0645\u0639\u0646\u0627"}]},{"@type":"WebSite","@id":"https:\/\/life-initiative.org\/ar\/#website","url":"https:\/\/life-initiative.org\/ar\/","name":"LIFE Initiative","description":"","publisher":{"@id":"https:\/\/life-initiative.org\/ar\/#organization"},"potentialAction":[{"@type":"SearchAction","target":{"@type":"EntryPoint","urlTemplate":"https:\/\/life-initiative.org\/ar\/?s={search_term_string}"},"query-input":{"@type":"PropertyValueSpecification","valueRequired":true,"valueName":"search_term_string"}}],"inLanguage":"ar"},{"@type":"Organization","@id":"https:\/\/life-initiative.org\/ar\/#organization","name":"LIFE Initiative","url":"https:\/\/life-initiative.org\/ar\/","logo":{"@type":"ImageObject","inLanguage":"ar","@id":"https:\/\/life-initiative.org\/ar\/#\/schema\/logo\/image\/","url":"https:\/\/life-initiative.org\/wp-content\/uploads\/2023\/03\/cropped-life_logo.png","contentUrl":"https:\/\/life-initiative.org\/wp-content\/uploads\/2023\/03\/cropped-life_logo.png","width":849,"height":411,"caption":"LIFE Initiative"},"image":{"@id":"https:\/\/life-initiative.org\/ar\/#\/schema\/logo\/image\/"},"sameAs":["https:\/\/www.facebook.com\/LIFE.Social.Coaching","https:\/\/www.linkedin.com\/company\/life-initiative\/","https:\/\/www.instagram.com\/LIFE.Social.Coaching\/"]}]}},"_links":{"self":[{"href":"https:\/\/life-initiative.org\/ar\/wp-json\/wp\/v2\/pages\/3530","targetHints":{"allow":["GET"]}}],"collection":[{"href":"https:\/\/life-initiative.org\/ar\/wp-json\/wp\/v2\/pages"}],"about":[{"href":"https:\/\/life-initiative.org\/ar\/wp-json\/wp\/v2\/types\/page"}],"author":[{"embeddable":true,"href":"https:\/\/life-initiative.org\/ar\/wp-json\/wp\/v2\/users\/1"}],"replies":[{"embeddable":true,"href":"https:\/\/life-initiative.org\/ar\/wp-json\/wp\/v2\/comments?post=3530"}],"version-history":[{"count":12,"href":"https:\/\/life-initiative.org\/ar\/wp-json\/wp\/v2\/pages\/3530\/revisions"}],"predecessor-version":[{"id":4048,"href":"https:\/\/life-initiative.org\/ar\/wp-json\/wp\/v2\/pages\/3530\/revisions\/4048"}],"wp:attachment":[{"href":"https:\/\/life-initiative.org\/ar\/wp-json\/wp\/v2\/media?parent=3530"}],"curies":[{"name":"wp","href":"https:\/\/api.w.org\/{rel}","templated":true}]}}